{"id":970,"date":"2023-02-07T03:48:27","date_gmt":"2023-02-07T03:48:27","guid":{"rendered":"https:\/\/voysegurostore.cl\/inicio\/?post_type=product&#038;p=970"},"modified":"2023-02-07T03:50:43","modified_gmt":"2023-02-07T03:50:43","slug":"fono-steelpro-zen-7-cintillo","status":"publish","type":"product","link":"https:\/\/voysegurostore.cl\/inicio\/product\/fono-steelpro-zen-7-cintillo\/","title":{"rendered":"FONO STEELPRO ZEN 7 CINTILLO"},"content":{"rendered":"<div class=\"page\" title=\"Page 1\">\n<div class=\"section\">\n<div class=\"layoutArea\">\n<div class=\"column\">\n<p>La L\u00ednea de protectores auditivos Steelpro modelo ZEN 7 dise\u00f1ado para proteger contra los riesgos diarios producidos por el ruido evitando p\u00e9rdidas de audici\u00f3n. Es un protector auditivo de componentes met\u00e1licos para mayor protecci\u00f3n SNR 29dB duraci\u00f3n y de alta resistencia. Posee el suficiente espacio para generar el acople a todo tipo de orejas, sea cual fuere su tama\u00f1o..<\/p>\n<\/div>\n<p>&nbsp;<\/p>\n<p>CERTIFICACI\u00d3N<\/p>\n<div class=\"column\">\n<div class=\"page\" title=\"Page 2\">\n<div class=\"section\">\n<div class=\"layoutArea\">\n<div class=\"column\">\n<p>\u2022 EN352-1:2002 I Registro ISP<\/p>\n<\/div>\n<\/div>\n<\/div>\n<\/div>\n<div class=\"page\" title=\"Page 2\">\n<div class=\"section\">\n<div class=\"layoutArea\">\n<div class=\"column\">\n<p>&nbsp;<\/p>\n<\/div>\n<\/div>\n<\/div>\n<\/div>\n<\/div>\n<\/div>\n<\/div>\n<\/div>\n<p>COMPOSICI\u00d3N<\/p>\n<p>\u2022 Copas: ABS \/Poliuretano Termopl\u00e1stico (TPU)<br \/>\n\u2022 Soporte met\u00e1lico: Acero Inoxidable<br \/>\n\u2022 Almohadilla: Espuma de poliuretano<\/p>\n<p>&nbsp;<\/p>\n<p>CODIGO COLORES<\/p>\n<ul>\n<li>C\u00d3D FLUOR: 201851300675<\/li>\n<li>C\u00d3D SNR 29DB: 201851300673<\/li>\n<\/ul>\n","protected":false},"excerpt":{"rendered":"<p>EMPAQUE<br \/>\n\u2022 Caja unidad<br \/>\n\u2022 Peso unidad: 300 gr<br \/>\n\u2022 Caja Master: 40 unidades<\/p>\n<p>&nbsp;<\/p>\n<a rel=\"noopener noreferrer\" href=\"https:\/\/voysegurostore.cl\/inicio\/wp-content\/uploads\/2023\/02\/FT-ZEN-7-CINTILLO.pdf\" target=\"_blank\" class=\"button primary is-primary is-small\"  >\n    <span>Descargar Ficha T\u00e9cnica<\/span>\n  <\/a>\n\n<p><img loading=\"lazy\" decoding=\"async\" class=\"wp-image-328 alignleft\" src=\"https:\/\/voysegurostore.cl\/inicio\/wp-content\/uploads\/2022\/10\/logovoysegurologo-394x400.png\" alt=\"\" width=\"232\" height=\"235\" srcset=\"https:\/\/voysegurostore.cl\/inicio\/wp-content\/uploads\/2022\/10\/logovoysegurologo-394x400.png 394w, https:\/\/voysegurostore.cl\/inicio\/wp-content\/uploads\/2022\/10\/logovoysegurologo-600x609.png 600w, https:\/\/voysegurostore.cl\/inicio\/wp-content\/uploads\/2022\/10\/logovoysegurologo-100x100.png 100w, https:\/\/voysegurostore.cl\/inicio\/wp-content\/uploads\/2022\/10\/logovoysegurologo.png 745w\" sizes=\"auto, (max-width: 232px) 100vw, 232px\" \/><\/p>\n<p>&nbsp;<\/p>\n","protected":false},"featured_media":972,"comment_status":"open","ping_status":"closed","template":"","meta":{"_joinchat":[]},"product_cat":[78,83],"product_tag":[147,77,80,74,156,116,72,76],"class_list":["post-970","product","type-product","status-publish","has-post-thumbnail","hentry","product_cat-epp","product_cat-proteccion-auditiva","product_tag-audicion","product_tag-barrera","product_tag-casco","product_tag-conos","product_tag-fonos","product_tag-proteccion","product_tag-seguridad","product_tag-vial"],"_links":{"self":[{"href":"https:\/\/voysegurostore.cl\/inicio\/wp-json\/wp\/v2\/product\/970","targetHints":{"allow":["GET"]}}],"collection":[{"href":"https:\/\/voysegurostore.cl\/inicio\/wp-json\/wp\/v2\/product"}],"about":[{"href":"https:\/\/voysegurostore.cl\/inicio\/wp-json\/wp\/v2\/types\/product"}],"replies":[{"embeddable":true,"href":"https:\/\/voysegurostore.cl\/inicio\/wp-json\/wp\/v2\/comments?post=970"}],"wp:featuredmedia":[{"embeddable":true,"href":"https:\/\/voysegurostore.cl\/inicio\/wp-json\/wp\/v2\/media\/972"}],"wp:attachment":[{"href":"https:\/\/voysegurostore.cl\/inicio\/wp-json\/wp\/v2\/media?parent=970"}],"wp:term":[{"taxonomy":"product_cat","embeddable":true,"href":"https:\/\/voysegurostore.cl\/inicio\/wp-json\/wp\/v2\/product_cat?post=970"},{"taxonomy":"product_tag","embeddable":true,"href":"https:\/\/voysegurostore.cl\/inicio\/wp-json\/wp\/v2\/product_tag?post=970"}],"curies":[{"name":"wp","href":"https:\/\/api.w.org\/{rel}","templated":true}]}}