{"id":959,"date":"2023-02-07T03:28:02","date_gmt":"2023-02-07T03:28:02","guid":{"rendered":"https:\/\/voysegurostore.cl\/inicio\/?post_type=product&#038;p=959"},"modified":"2023-02-07T03:36:33","modified_gmt":"2023-02-07T03:36:33","slug":"raptor-balistico-af-gris","status":"publish","type":"product","link":"https:\/\/voysegurostore.cl\/inicio\/product\/raptor-balistico-af-gris\/","title":{"rendered":"RAPTOR BALISTICO AF GRIS"},"content":{"rendered":"<p>INFORMACI\u00d3N<\/p>\n<p>\u2022 Bolsa Individual\/ Pol y bag.<br \/>\n\u2022 Unidad master: 300<br \/>\n\u2022 Inner: 12<br \/>\n\u2022 Peso: 0,05<\/p>\n<p>Lente de policarbonato con tecnolog\u00eda bal\u00edstica con marco de nailon e inserto de PVC flexible.<\/p>\n<p>&nbsp;<\/p>\n<p>CERTIFICACIONES<\/p>\n<ul>\n<li>EN 166:2001<\/li>\n<\/ul>\n<p>&nbsp;<\/p>\n<p>CARACTER\u00cdSTICAS<\/p>\n<ul>\n<li>Anti empa\u00f1e.<\/li>\n<li>Anti rayadura.<\/li>\n<li>Anti impacto.<\/li>\n<li>Filtro UV 99%.<\/li>\n<\/ul>\n<p>&nbsp;<\/p>\n<p>USOS<\/p>\n<p>Proporciona una excelente alternativa de proteccion visual para faenas de miner\u00eda, construcci\u00f3n, forestales, agricultura, deportes, aserraderos, talleres mec\u00e1nicos, entre otros.<\/p>\n<p>&nbsp;<\/p>\n","protected":false},"excerpt":{"rendered":"<p>\u2022 Bolsa Individual\/ Pol y bag.<br \/>\n\u2022 Unidad master: 300<br \/>\n\u2022 Inner: 12<br \/>\n\u2022 Peso: 0,05<\/p>\n<a rel=\"noopener noreferrer\" href=\"https:\/\/voysegurostore.cl\/inicio\/wp-content\/uploads\/2023\/02\/352501960183-FT-LENTE-RAPTOR-BALISTICO.pdf\" target=\"_blank\" class=\"button primary is-primary is-small\"  >\n    <span>Descargar Ficha T\u00e9cnica<\/span>\n  <\/a>\n\n<p><img loading=\"lazy\" decoding=\"async\" class=\"wp-image-328 alignleft\" src=\"https:\/\/voysegurostore.cl\/inicio\/wp-content\/uploads\/2022\/10\/logovoysegurologo-394x400.png\" alt=\"\" width=\"232\" height=\"235\" srcset=\"https:\/\/voysegurostore.cl\/inicio\/wp-content\/uploads\/2022\/10\/logovoysegurologo-394x400.png 394w, https:\/\/voysegurostore.cl\/inicio\/wp-content\/uploads\/2022\/10\/logovoysegurologo-600x609.png 600w, https:\/\/voysegurostore.cl\/inicio\/wp-content\/uploads\/2022\/10\/logovoysegurologo-100x100.png 100w, https:\/\/voysegurostore.cl\/inicio\/wp-content\/uploads\/2022\/10\/logovoysegurologo.png 745w\" sizes=\"auto, (max-width: 232px) 100vw, 232px\" \/><\/p>\n","protected":false},"featured_media":961,"comment_status":"open","ping_status":"closed","template":"","meta":{"_joinchat":[]},"product_cat":[78,82],"product_tag":[140,139,116,72,115,141],"class_list":["post-959","product","type-product","status-publish","has-post-thumbnail","hentry","product_cat-epp","product_cat-proteccion-visual","product_tag-antiparras","product_tag-lentes","product_tag-proteccion","product_tag-seguridad","product_tag-solar","product_tag-visual"],"_links":{"self":[{"href":"https:\/\/voysegurostore.cl\/inicio\/wp-json\/wp\/v2\/product\/959","targetHints":{"allow":["GET"]}}],"collection":[{"href":"https:\/\/voysegurostore.cl\/inicio\/wp-json\/wp\/v2\/product"}],"about":[{"href":"https:\/\/voysegurostore.cl\/inicio\/wp-json\/wp\/v2\/types\/product"}],"replies":[{"embeddable":true,"href":"https:\/\/voysegurostore.cl\/inicio\/wp-json\/wp\/v2\/comments?post=959"}],"wp:featuredmedia":[{"embeddable":true,"href":"https:\/\/voysegurostore.cl\/inicio\/wp-json\/wp\/v2\/media\/961"}],"wp:attachment":[{"href":"https:\/\/voysegurostore.cl\/inicio\/wp-json\/wp\/v2\/media?parent=959"}],"wp:term":[{"taxonomy":"product_cat","embeddable":true,"href":"https:\/\/voysegurostore.cl\/inicio\/wp-json\/wp\/v2\/product_cat?post=959"},{"taxonomy":"product_tag","embeddable":true,"href":"https:\/\/voysegurostore.cl\/inicio\/wp-json\/wp\/v2\/product_tag?post=959"}],"curies":[{"name":"wp","href":"https:\/\/api.w.org\/{rel}","templated":true}]}}