{"id":906,"date":"2023-02-06T04:35:08","date_gmt":"2023-02-06T04:35:08","guid":{"rendered":"https:\/\/voysegurostore.cl\/inicio\/?post_type=product&#038;p=906"},"modified":"2023-02-06T04:37:52","modified_gmt":"2023-02-06T04:37:52","slug":"tapon-auditivo-smartfit-smf-30","status":"publish","type":"product","link":"https:\/\/voysegurostore.cl\/inicio\/product\/tapon-auditivo-smartfit-smf-30\/","title":{"rendered":"TAP\u00d3N AUDITIVO SMARTFIT\u00ae SMF &#8211; 30"},"content":{"rendered":"<div class=\"page\" title=\"Page 1\">\n<div class=\"section\">\n<div class=\"layoutArea\">\n<div class=\"column\">\n<p>Protecci\u00f3n total, comodidad y adaptaci\u00f3n en tapones de uso m\u00faltiple. La base FlexiFirm\u00ae es f\u00e1cil de agarrar, lo cual facilita su colocaci\u00f3n en el canal auditivo. SoftFlanges\u00ae crea un sello c\u00f3modo en el canal\u00a0 auditivo que brinda comodidad y protecci\u00f3n superiores. El cord\u00f3n incorporado y el anillo de la base de metal se detectan f\u00e1cilmente mediante equipos automatizados. El color azul proporciona alta visibilidad.<br \/>\nSe limpia con agua y jab\u00f3n. Dos tama\u00f1os para brindar una mejor adaptaci\u00f3n.<\/p>\n<p>&nbsp;<\/p>\n<p>CARACTER\u00cdSTICA<\/p>\n<p>\u2022 Tap\u00f3n reutilizable, puede limpiarse con agua y jab\u00f3n.<br \/>\n\u2022 Suave y resistente a la humedad.<br \/>\n\u2022 Impide la acumulaci\u00f3n de polvo.<br \/>\n\u2022 Material hipoalerg\u00e9nico.<br \/>\n\u2022 Tecnolog\u00eda patentada que utiliza el calor corporal para adaptarse a la forma de cada canal auditivo.<br \/>\n\u2022 M\u00e1xima comodidad y un ajuste verdaderamente personalizado.<br \/>\n\u2022 Sistema de cord\u00f3n textil azul desmontable.<br \/>\n\u2022 Buen nivel de atenuaci\u00f3n: NRR 25 dB.<br \/>\n\u2022 En envase higienico individual bolsa tipo ziploc reutilizable.<br \/>\n\u2022 Caja dispensadora de 100 unidades.<\/p>\n<div class=\"page\" title=\"Page 2\">\n<div class=\"section\">\n<p>&nbsp;<\/p>\n<p>NORMAS<\/p>\n<ul>\n<li>ANSI Z87.1<\/li>\n<li>EN 352-2<\/li>\n<\/ul>\n<div class=\"layoutArea\">\n<div class=\"column\"><\/div>\n<\/div>\n<\/div>\n<\/div>\n<\/div>\n<\/div>\n<\/div>\n<\/div>\n<div class=\"page\" title=\"Page 2\">\n<div class=\"section\">\n<div class=\"layoutArea\">\n<div class=\"column\">\n<p>.<img loading=\"lazy\" decoding=\"async\" class=\"alignnone size-medium wp-image-908\" src=\"https:\/\/voysegurostore.cl\/inicio\/wp-content\/uploads\/2023\/02\/Screenshot_442-800x180.png\" alt=\"\" width=\"800\" height=\"180\" srcset=\"https:\/\/voysegurostore.cl\/inicio\/wp-content\/uploads\/2023\/02\/Screenshot_442-800x180.png 800w, https:\/\/voysegurostore.cl\/inicio\/wp-content\/uploads\/2023\/02\/Screenshot_442-768x173.png 768w, https:\/\/voysegurostore.cl\/inicio\/wp-content\/uploads\/2023\/02\/Screenshot_442-600x135.png 600w, https:\/\/voysegurostore.cl\/inicio\/wp-content\/uploads\/2023\/02\/Screenshot_442.png 1094w\" sizes=\"auto, (max-width: 800px) 100vw, 800px\" \/><\/p>\n<\/div>\n<\/div>\n<\/div>\n<\/div>\n","protected":false},"excerpt":{"rendered":"<p>TProtecci\u00f3n total, comodidad y adaptaci\u00f3n en tapones de uso m\u00faltiple. La base FlexiFirm\u00ae es f\u00e1cil de agarrar, lo cual facilita su colocaci\u00f3n en el canal auditivo. SoftFlanges\u00ae crea un sello c\u00f3modo en el canal auditivo que brinda comodidad y protecci\u00f3n superiores.<\/p>\n<a rel=\"noopener noreferrer\" href=\"https:\/\/voysegurostore.cl\/inicio\/wp-content\/uploads\/2023\/02\/03-01-021-FT.pdf\" target=\"_blank\" class=\"button primary is-primary is-small\"  >\n    <span>Descargar Ficha T\u00e9cnica<\/span>\n  <\/a>\n\n<p><img loading=\"lazy\" decoding=\"async\" class=\"wp-image-328 alignleft\" src=\"https:\/\/voysegurostore.cl\/inicio\/wp-content\/uploads\/2022\/10\/logovoysegurologo-394x400.png\" alt=\"\" width=\"232\" height=\"235\" srcset=\"https:\/\/voysegurostore.cl\/inicio\/wp-content\/uploads\/2022\/10\/logovoysegurologo-394x400.png 394w, https:\/\/voysegurostore.cl\/inicio\/wp-content\/uploads\/2022\/10\/logovoysegurologo-600x609.png 600w, https:\/\/voysegurostore.cl\/inicio\/wp-content\/uploads\/2022\/10\/logovoysegurologo-100x100.png 100w, https:\/\/voysegurostore.cl\/inicio\/wp-content\/uploads\/2022\/10\/logovoysegurologo.png 745w\" sizes=\"auto, (max-width: 232px) 100vw, 232px\" \/><\/p>\n<p>&nbsp;<\/p>\n","protected":false},"featured_media":907,"comment_status":"open","ping_status":"closed","template":"","meta":{"_joinchat":[]},"product_cat":[78,83],"product_tag":[147,149,72,148],"class_list":["post-906","product","type-product","status-publish","has-post-thumbnail","hentry","product_cat-epp","product_cat-proteccion-auditiva","product_tag-audicion","product_tag-oidos","product_tag-seguridad","product_tag-tapon"],"_links":{"self":[{"href":"https:\/\/voysegurostore.cl\/inicio\/wp-json\/wp\/v2\/product\/906","targetHints":{"allow":["GET"]}}],"collection":[{"href":"https:\/\/voysegurostore.cl\/inicio\/wp-json\/wp\/v2\/product"}],"about":[{"href":"https:\/\/voysegurostore.cl\/inicio\/wp-json\/wp\/v2\/types\/product"}],"replies":[{"embeddable":true,"href":"https:\/\/voysegurostore.cl\/inicio\/wp-json\/wp\/v2\/comments?post=906"}],"wp:featuredmedia":[{"embeddable":true,"href":"https:\/\/voysegurostore.cl\/inicio\/wp-json\/wp\/v2\/media\/907"}],"wp:attachment":[{"href":"https:\/\/voysegurostore.cl\/inicio\/wp-json\/wp\/v2\/media?parent=906"}],"wp:term":[{"taxonomy":"product_cat","embeddable":true,"href":"https:\/\/voysegurostore.cl\/inicio\/wp-json\/wp\/v2\/product_cat?post=906"},{"taxonomy":"product_tag","embeddable":true,"href":"https:\/\/voysegurostore.cl\/inicio\/wp-json\/wp\/v2\/product_tag?post=906"}],"curies":[{"name":"wp","href":"https:\/\/api.w.org\/{rel}","templated":true}]}}