{"id":858,"date":"2023-02-06T01:14:11","date_gmt":"2023-02-06T01:14:11","guid":{"rendered":"https:\/\/voysegurostore.cl\/inicio\/?post_type=product&#038;p=858"},"modified":"2023-02-06T01:25:54","modified_gmt":"2023-02-06T01:25:54","slug":"protector-solar-uvx-fps-50-120-gr-premium","status":"publish","type":"product","link":"https:\/\/voysegurostore.cl\/inicio\/product\/protector-solar-uvx-fps-50-120-gr-premium\/","title":{"rendered":"PROTECTOR SOLAR UVX FPS 50+ 120 Gr PREMIUM"},"content":{"rendered":"<p>INFORMACI\u00d3N<\/p>\n<p><img loading=\"lazy\" decoding=\"async\" class=\"alignnone size-medium wp-image-859\" src=\"https:\/\/voysegurostore.cl\/inicio\/wp-content\/uploads\/2023\/02\/Screenshot_439-671x400.png\" alt=\"\" width=\"671\" height=\"400\" srcset=\"https:\/\/voysegurostore.cl\/inicio\/wp-content\/uploads\/2023\/02\/Screenshot_439-671x400.png 671w, https:\/\/voysegurostore.cl\/inicio\/wp-content\/uploads\/2023\/02\/Screenshot_439-768x458.png 768w, https:\/\/voysegurostore.cl\/inicio\/wp-content\/uploads\/2023\/02\/Screenshot_439-600x358.png 600w, https:\/\/voysegurostore.cl\/inicio\/wp-content\/uploads\/2023\/02\/Screenshot_439.png 824w\" sizes=\"auto, (max-width: 671px) 100vw, 671px\" \/><\/p>\n<p>&nbsp;<\/p>\n<p>&nbsp;<\/p>\n<p>CERTIFICACIONES<\/p>\n<ul>\n<li>Inscrito en Registro Nacional de Productos Cosm\u00e9ticos del Instituto de Salud P\u00fablica (ISP) bajo el n\u00famero de Registro: 1705C-1\/15.<\/li>\n<\/ul>\n<p>&nbsp;<\/p>\n<p>DESCRIPCI\u00d3N<\/p>\n<p>UVX es un protector solar hipoalerg\u00e9nico que protege contra la acci\u00f3n de los rayos UVA y UVB que ingresan a nuestra piel mediante la combinaci\u00f3n de filtros f\u00edsicos y qu\u00edmicos, alcanzando un factor de protecci\u00f3n solar superior (FPS) a 50+. El sol provoca en nuestra piel quemaduras, envejecimiento prematuro y se evidencia mediante manchas, arrugas y dilataciones vasculares y c\u00e1ncer de piel. Por tal motivo es importante utilizar PROTECTOR SOLAR UVX FPS 50+, que tiene la m\u00e1xima protecci\u00f3n contra la radiaci\u00f3n UVA y UVB.<\/p>\n<p>&nbsp;<\/p>\n<p>GARANT\u00cdA<\/p>\n<p>Ante cualquier defecto y\/o inconformidad de f\u00e1brica, Usted puede comunicarse con su distribuidor m\u00e1s cercano, o escribirnos directamente al correo contacto@steelprosafety. com. El distribuidor no ser\u00e1\u00a0 responsable de ninguna lesi\u00f3n, agravio o menoscabo personal o patrimonial que derive del uso incorrecto de este producto. Antes de utilizar el producto, aseg\u00farese de que es apropiado para las labores pretendidas.<\/p>\n<p>&nbsp;<\/p>\n<p>USOS<\/p>\n<p>\u2022 Apl\u00edquelo en la piel 30 minutos antes de exponerse al sol. H\u00e1galo incluso los d\u00edas nublados.<br \/>\n\u2022 Despu\u00e9s del ba\u00f1o o excesiva sudoraci\u00f3n vuelva a aplicar el protector solar.<br \/>\n\u2022 En ambientes con presencia de nieve, agua y arena, los rayos solares se reflejan, aumentando el riesgo de quemadura y requieren la aplicaci\u00f3n de un protector solar con factor m\u00e1s alto.<br \/>\n\u2022 No olvide aplicar protector solar en partes sensibles tales como: partes sin cuero cabelludo, orejas, cuello, nariz, pies y manos.<br \/>\n\u2022 Aplicar de nuevo el protector Solar Premium UVX, cada dos horas de exposici\u00f3n continua al sol.<\/p>\n","protected":false},"excerpt":{"rendered":"<p>UVX es un protector solar hipoalerg\u00e9nico que protege contra la acci\u00f3n de los rayos UVA y UVB que ingresan a nuestra piel mediante la combinaci\u00f3n de filtros f\u00edsicos y qu\u00edmicos, alcanzando un factor de protecci\u00f3n solar superior (FPS) a 50+.<\/p>\n<a rel=\"noopener noreferrer\" href=\"https:\/\/voysegurostore.cl\/inicio\/wp-content\/uploads\/2023\/02\/FT-PROTECTOR-SOLAR-UVX-50-120G-PREMIUM.pdf\" target=\"_blank\" class=\"button primary is-primary is-small\"  >\n    <span>Descargar Ficha T\u00e9cnica<\/span>\n  <\/a>\n\n<p><img loading=\"lazy\" decoding=\"async\" class=\"wp-image-328 alignleft\" src=\"https:\/\/voysegurostore.cl\/inicio\/wp-content\/uploads\/2022\/10\/logovoysegurologo-394x400.png\" alt=\"\" width=\"232\" height=\"235\" srcset=\"https:\/\/voysegurostore.cl\/inicio\/wp-content\/uploads\/2022\/10\/logovoysegurologo-394x400.png 394w, https:\/\/voysegurostore.cl\/inicio\/wp-content\/uploads\/2022\/10\/logovoysegurologo-600x609.png 600w, https:\/\/voysegurostore.cl\/inicio\/wp-content\/uploads\/2022\/10\/logovoysegurologo-100x100.png 100w, https:\/\/voysegurostore.cl\/inicio\/wp-content\/uploads\/2022\/10\/logovoysegurologo.png 745w\" sizes=\"auto, (max-width: 232px) 100vw, 232px\" \/><\/p>\n","protected":false},"featured_media":861,"comment_status":"open","ping_status":"closed","template":"","meta":{"_joinchat":[]},"product_cat":[114,78],"product_tag":[142,116,72,115],"class_list":["post-858","product","type-product","status-publish","has-post-thumbnail","hentry","product_cat-proteccion-solar","product_cat-epp","product_tag-crema","product_tag-proteccion","product_tag-seguridad","product_tag-solar"],"_links":{"self":[{"href":"https:\/\/voysegurostore.cl\/inicio\/wp-json\/wp\/v2\/product\/858","targetHints":{"allow":["GET"]}}],"collection":[{"href":"https:\/\/voysegurostore.cl\/inicio\/wp-json\/wp\/v2\/product"}],"about":[{"href":"https:\/\/voysegurostore.cl\/inicio\/wp-json\/wp\/v2\/types\/product"}],"replies":[{"embeddable":true,"href":"https:\/\/voysegurostore.cl\/inicio\/wp-json\/wp\/v2\/comments?post=858"}],"wp:featuredmedia":[{"embeddable":true,"href":"https:\/\/voysegurostore.cl\/inicio\/wp-json\/wp\/v2\/media\/861"}],"wp:attachment":[{"href":"https:\/\/voysegurostore.cl\/inicio\/wp-json\/wp\/v2\/media?parent=858"}],"wp:term":[{"taxonomy":"product_cat","embeddable":true,"href":"https:\/\/voysegurostore.cl\/inicio\/wp-json\/wp\/v2\/product_cat?post=858"},{"taxonomy":"product_tag","embeddable":true,"href":"https:\/\/voysegurostore.cl\/inicio\/wp-json\/wp\/v2\/product_tag?post=858"}],"curies":[{"name":"wp","href":"https:\/\/api.w.org\/{rel}","templated":true}]}}