{"id":851,"date":"2023-02-06T00:38:16","date_gmt":"2023-02-06T00:38:16","guid":{"rendered":"https:\/\/voysegurostore.cl\/inicio\/?post_type=product&#038;p=851"},"modified":"2023-02-06T01:21:10","modified_gmt":"2023-02-06T01:21:10","slug":"crema-proteccion-solar-uvx-premium","status":"publish","type":"product","link":"https:\/\/voysegurostore.cl\/inicio\/product\/crema-proteccion-solar-uvx-premium\/","title":{"rendered":"CREMA PROTECCI\u00d3N SOLAR UVX PREMIUM"},"content":{"rendered":"<p>INFORMACI\u00d3N<\/p>\n<p><img loading=\"lazy\" decoding=\"async\" class=\"alignnone size-full wp-image-852\" src=\"https:\/\/voysegurostore.cl\/inicio\/wp-content\/uploads\/2023\/02\/Screenshot_438.png\" alt=\"\" width=\"594\" height=\"333\" \/><\/p>\n<p>&nbsp;<\/p>\n<p>&nbsp;<\/p>\n<p>CERTIFICACIONES<\/p>\n<ul>\n<li>ISP Registro cosm\u00e9tico 1705C-1\/20<\/li>\n<li>ISP Registro EPP 1109<\/li>\n<\/ul>\n<p>&nbsp;<\/p>\n<p>DESCRIPCI\u00d3N<\/p>\n<p>UVX es un protector solar hipoalerg\u00e9nico que protege contra la acci\u00f3n de los rayos UVA y UVB que ingresan a nuestra piel mediante la combinaci\u00f3n de filtros f\u00edsicos y qu\u00edmicos, alcanzando un factor de protecci\u00f3n\u00a0 solar superior (FPS) a 50+. El sol provoca en nuestra piel quemaduras, envejecimiento prematuro y se evidencia mediante manchas, arrugas y dilataciones vasculares y c\u00e1ncer de piel. Por tal motivo es importante utilizar PROTECTOR SOLAR UVX FPS 50+, que tiene la m\u00e1xima protecci\u00f3n contra la radiaci\u00f3n UVA y UVB.<\/p>\n<p>&nbsp;<\/p>\n<p>CARACTER\u00cdSTICAS<\/p>\n<p>Las cremas solares UVX son resistentes al agua e hipoalerg\u00e9nicas. La duraci\u00f3n del producto es de 24 meses. Envase de 120 ml cuenta con cierre fliptop y envase de 1000 ml con cierre tipo v\u00e1lvula. Apl\u00edquelo en\u00a0 la piel 30 minutos antes de exponerse al sol, h\u00e1galo incluso los d\u00edas nublados. Despu\u00e9s del ba\u00f1o o excesiva sudoraci\u00f3n vuelva a aplicar protector solar. Conservar el producto en un lugar fresco, seco y protegido de la luz, idealmente entre 5\u00b0C y 25\u00b0C. Mant\u00e9ngase bien cerrado.<\/p>\n<p>&nbsp;<\/p>\n<p>GARANT\u00cdA<\/p>\n<p>Ante cualquier defecto de f\u00e1brica, usted puede comunicarse con su distribuidor o escribirnos directamente a contacto@steelprosafety.com. El distribuidor no ser\u00e1 responsable de ninguna lesi\u00f3n o agravio que se derive del uso incorrecto de este producto. Antes de utilizar el producto, aseg\u00farese de que es apropiado para las labores pretendidas.<\/p>\n<p>&nbsp;<\/p>\n<p>USOS<\/p>\n<p>Toda persona expuesta a radiaci\u00f3n solar.<\/p>\n","protected":false},"excerpt":{"rendered":"<p>UVX es un protector solar hipoalerg\u00e9nico que protege contra la acci\u00f3n de los rayos UVA y UVB que ingresan a nuestra piel mediante la combinaci\u00f3n de filtros f\u00edsicos y qu\u00edmicos, alcanzando un factor de protecci\u00f3n\u00a0 solar superior (FPS) a 50+<\/p>\n<a rel=\"noopener noreferrer\" href=\"https:\/\/voysegurostore.cl\/inicio\/wp-content\/uploads\/2023\/02\/CREMA-PROTECCION-SOLAR-UVX-PREMIUM-250100170005-06.pdf\" target=\"_blank\" class=\"button primary is-primary is-small\"  >\n    <span>Descargar Ficha T\u00e9cnica<\/span>\n  <\/a>\n\n<p><img loading=\"lazy\" decoding=\"async\" class=\"wp-image-328 alignleft\" src=\"https:\/\/voysegurostore.cl\/inicio\/wp-content\/uploads\/2022\/10\/logovoysegurologo-394x400.png\" alt=\"\" width=\"232\" height=\"235\" srcset=\"https:\/\/voysegurostore.cl\/inicio\/wp-content\/uploads\/2022\/10\/logovoysegurologo-394x400.png 394w, https:\/\/voysegurostore.cl\/inicio\/wp-content\/uploads\/2022\/10\/logovoysegurologo-600x609.png 600w, https:\/\/voysegurostore.cl\/inicio\/wp-content\/uploads\/2022\/10\/logovoysegurologo-100x100.png 100w, https:\/\/voysegurostore.cl\/inicio\/wp-content\/uploads\/2022\/10\/logovoysegurologo.png 745w\" sizes=\"auto, (max-width: 232px) 100vw, 232px\" \/><\/p>\n","protected":false},"featured_media":854,"comment_status":"open","ping_status":"closed","template":"","meta":{"_joinchat":[]},"product_cat":[114,78],"product_tag":[142,116,72,115],"class_list":["post-851","product","type-product","status-publish","has-post-thumbnail","hentry","product_cat-proteccion-solar","product_cat-epp","product_tag-crema","product_tag-proteccion","product_tag-seguridad","product_tag-solar"],"_links":{"self":[{"href":"https:\/\/voysegurostore.cl\/inicio\/wp-json\/wp\/v2\/product\/851","targetHints":{"allow":["GET"]}}],"collection":[{"href":"https:\/\/voysegurostore.cl\/inicio\/wp-json\/wp\/v2\/product"}],"about":[{"href":"https:\/\/voysegurostore.cl\/inicio\/wp-json\/wp\/v2\/types\/product"}],"replies":[{"embeddable":true,"href":"https:\/\/voysegurostore.cl\/inicio\/wp-json\/wp\/v2\/comments?post=851"}],"wp:featuredmedia":[{"embeddable":true,"href":"https:\/\/voysegurostore.cl\/inicio\/wp-json\/wp\/v2\/media\/854"}],"wp:attachment":[{"href":"https:\/\/voysegurostore.cl\/inicio\/wp-json\/wp\/v2\/media?parent=851"}],"wp:term":[{"taxonomy":"product_cat","embeddable":true,"href":"https:\/\/voysegurostore.cl\/inicio\/wp-json\/wp\/v2\/product_cat?post=851"},{"taxonomy":"product_tag","embeddable":true,"href":"https:\/\/voysegurostore.cl\/inicio\/wp-json\/wp\/v2\/product_tag?post=851"}],"curies":[{"name":"wp","href":"https:\/\/api.w.org\/{rel}","templated":true}]}}