{"id":700,"date":"2022-10-18T02:14:08","date_gmt":"2022-10-18T02:14:08","guid":{"rendered":"https:\/\/voysegurostore.cl\/inicio\/?post_type=product&#038;p=700"},"modified":"2023-01-16T01:11:36","modified_gmt":"2023-01-16T01:11:36","slug":"barras-antivuelco-y-accesorios","status":"publish","type":"product","link":"https:\/\/voysegurostore.cl\/inicio\/product\/barras-antivuelco-y-accesorios\/","title":{"rendered":"Barras Antivuelco y Accesorios"},"content":{"rendered":"<p>En la industria minera resulta indispensable la aplicaci\u00f3n de soluciones preventivas a fin de proporcionar seguridad en los ambientes administrativos y centros de producci\u00f3n; esto con el fin que los trabajadores est\u00e9n correctamente informados sobre las condiciones de trabajo y desplazamiento en las \u00e1reas donde desempe\u00f1an sus funciones.<\/p>\n<p>&nbsp;<\/p>\n<p><img loading=\"lazy\" decoding=\"async\" class=\"size-medium wp-image-704 aligncenter\" src=\"https:\/\/voysegurostore.cl\/inicio\/wp-content\/uploads\/2022\/10\/aNT4-693x400.png\" alt=\"\" width=\"693\" height=\"400\" srcset=\"https:\/\/voysegurostore.cl\/inicio\/wp-content\/uploads\/2022\/10\/aNT4-693x400.png 693w, https:\/\/voysegurostore.cl\/inicio\/wp-content\/uploads\/2022\/10\/aNT4-768x443.png 768w, https:\/\/voysegurostore.cl\/inicio\/wp-content\/uploads\/2022\/10\/aNT4-600x346.png 600w, https:\/\/voysegurostore.cl\/inicio\/wp-content\/uploads\/2022\/10\/aNT4.png 1176w\" sizes=\"auto, (max-width: 693px) 100vw, 693px\" \/> <img loading=\"lazy\" decoding=\"async\" class=\"size-medium wp-image-703 aligncenter\" src=\"https:\/\/voysegurostore.cl\/inicio\/wp-content\/uploads\/2022\/10\/ANT01-800x229.png\" alt=\"\" width=\"800\" height=\"229\" srcset=\"https:\/\/voysegurostore.cl\/inicio\/wp-content\/uploads\/2022\/10\/ANT01-800x229.png 800w, https:\/\/voysegurostore.cl\/inicio\/wp-content\/uploads\/2022\/10\/ANT01-768x220.png 768w, https:\/\/voysegurostore.cl\/inicio\/wp-content\/uploads\/2022\/10\/ANT01-600x172.png 600w, https:\/\/voysegurostore.cl\/inicio\/wp-content\/uploads\/2022\/10\/ANT01.png 1146w\" sizes=\"auto, (max-width: 800px) 100vw, 800px\" \/> <img loading=\"lazy\" decoding=\"async\" class=\"size-medium wp-image-702 aligncenter\" src=\"https:\/\/voysegurostore.cl\/inicio\/wp-content\/uploads\/2022\/10\/AND3-800x242.png\" alt=\"\" width=\"800\" height=\"242\" srcset=\"https:\/\/voysegurostore.cl\/inicio\/wp-content\/uploads\/2022\/10\/AND3-800x242.png 800w, https:\/\/voysegurostore.cl\/inicio\/wp-content\/uploads\/2022\/10\/AND3-768x232.png 768w, https:\/\/voysegurostore.cl\/inicio\/wp-content\/uploads\/2022\/10\/AND3-600x181.png 600w, https:\/\/voysegurostore.cl\/inicio\/wp-content\/uploads\/2022\/10\/AND3.png 1167w\" sizes=\"auto, (max-width: 800px) 100vw, 800px\" \/> <img loading=\"lazy\" decoding=\"async\" class=\"size-medium wp-image-701 aligncenter\" src=\"https:\/\/voysegurostore.cl\/inicio\/wp-content\/uploads\/2022\/10\/AND2-800x223.png\" alt=\"\" width=\"800\" height=\"223\" srcset=\"https:\/\/voysegurostore.cl\/inicio\/wp-content\/uploads\/2022\/10\/AND2-800x223.png 800w, https:\/\/voysegurostore.cl\/inicio\/wp-content\/uploads\/2022\/10\/AND2-768x214.png 768w, https:\/\/voysegurostore.cl\/inicio\/wp-content\/uploads\/2022\/10\/AND2-600x167.png 600w, https:\/\/voysegurostore.cl\/inicio\/wp-content\/uploads\/2022\/10\/AND2.png 1144w\" sizes=\"auto, (max-width: 800px) 100vw, 800px\" \/><\/p>\n","protected":false},"excerpt":{"rendered":"<p>En la industria minera resulta indispensable la aplicaci\u00f3n de soluciones preventivas a fin de proporcionar seguridad en los ambientes administrativos y centros de producci\u00f3n; esto con el fin que los trabajadores est\u00e9n correctamente informados sobre las condiciones de trabajo y desplazamiento en las \u00e1reas donde desempe\u00f1an sus funciones.<\/p>\n<a rel=\"noopener noreferrer\" href=\"https:\/\/voysegurostore.cl\/inicio\/wp-content\/uploads\/2023\/01\/Catalogo-Senaletica.pdf\" target=\"_blank\" class=\"button primary is-primary is-small\"  >\n    <span>Descargar Ficha T\u00e9cnica<\/span>\n  <\/a>\n\n<p><img loading=\"lazy\" decoding=\"async\" class=\"wp-image-328 alignleft\" src=\"https:\/\/voysegurostore.cl\/inicio\/wp-content\/uploads\/2022\/10\/logovoysegurologo-394x400.png\" alt=\"\" width=\"232\" height=\"235\" srcset=\"https:\/\/voysegurostore.cl\/inicio\/wp-content\/uploads\/2022\/10\/logovoysegurologo-394x400.png 394w, https:\/\/voysegurostore.cl\/inicio\/wp-content\/uploads\/2022\/10\/logovoysegurologo-600x609.png 600w, https:\/\/voysegurostore.cl\/inicio\/wp-content\/uploads\/2022\/10\/logovoysegurologo-100x100.png 100w, https:\/\/voysegurostore.cl\/inicio\/wp-content\/uploads\/2022\/10\/logovoysegurologo.png 745w\" sizes=\"auto, (max-width: 232px) 100vw, 232px\" \/><\/p>\n","protected":false},"featured_media":705,"comment_status":"open","ping_status":"closed","template":"","meta":{"_joinchat":[]},"product_cat":[135,88],"product_tag":[94,111,125,118,129,122,92,93,103,91,74,107,112,113,106,119,121,116,104,126,72,73,115,76],"class_list":["post-700","product","type-product","status-publish","has-post-thumbnail","hentry","product_cat-equipamiento-minero","product_cat-seguridad-vial","product_tag-argolla-conectora","product_tag-basura","product_tag-blusas","product_tag-cadena","product_tag-camisas","product_tag-cargas","product_tag-cinta","product_tag-cinta-retractil","product_tag-cintas","product_tag-conector","product_tag-conos","product_tag-contencion-vial","product_tag-contenedor","product_tag-contenedor-de-basura","product_tag-defensas","product_tag-grado-2","product_tag-izaje","product_tag-proteccion","product_tag-reflectantes","product_tag-ropa-corporativa","product_tag-seguridad","product_tag-senaletica","product_tag-solar","product_tag-vial"],"_links":{"self":[{"href":"https:\/\/voysegurostore.cl\/inicio\/wp-json\/wp\/v2\/product\/700","targetHints":{"allow":["GET"]}}],"collection":[{"href":"https:\/\/voysegurostore.cl\/inicio\/wp-json\/wp\/v2\/product"}],"about":[{"href":"https:\/\/voysegurostore.cl\/inicio\/wp-json\/wp\/v2\/types\/product"}],"replies":[{"embeddable":true,"href":"https:\/\/voysegurostore.cl\/inicio\/wp-json\/wp\/v2\/comments?post=700"}],"wp:featuredmedia":[{"embeddable":true,"href":"https:\/\/voysegurostore.cl\/inicio\/wp-json\/wp\/v2\/media\/705"}],"wp:attachment":[{"href":"https:\/\/voysegurostore.cl\/inicio\/wp-json\/wp\/v2\/media?parent=700"}],"wp:term":[{"taxonomy":"product_cat","embeddable":true,"href":"https:\/\/voysegurostore.cl\/inicio\/wp-json\/wp\/v2\/product_cat?post=700"},{"taxonomy":"product_tag","embeddable":true,"href":"https:\/\/voysegurostore.cl\/inicio\/wp-json\/wp\/v2\/product_tag?post=700"}],"curies":[{"name":"wp","href":"https:\/\/api.w.org\/{rel}","templated":true}]}}