{"id":676,"date":"2022-10-18T01:48:03","date_gmt":"2022-10-18T01:48:03","guid":{"rendered":"https:\/\/voysegurostore.cl\/inicio\/?post_type=product&#038;p=676"},"modified":"2023-01-16T01:14:04","modified_gmt":"2023-01-16T01:14:04","slug":"pertiga-elite-pro","status":"publish","type":"product","link":"https:\/\/voysegurostore.cl\/inicio\/product\/pertiga-elite-pro\/","title":{"rendered":"P\u00e9rtiga ELITE PRO"},"content":{"rendered":"<p>Los implementos de seguridad en la miner\u00eda, <strong>como las p\u00e9rtigas<\/strong>, son vitales para los trabajadores de la industria. Ya sea en las faenas en los piques, en el transporte de los trabajadores o del mineral extra\u00eddo, el cual recorre muchos kil\u00f3metros.<\/p>\n<p><img loading=\"lazy\" decoding=\"async\" class=\"size-medium wp-image-678 aligncenter\" src=\"https:\/\/voysegurostore.cl\/inicio\/wp-content\/uploads\/2022\/10\/p-elitepro-800x244.png\" alt=\"\" width=\"800\" height=\"244\" srcset=\"https:\/\/voysegurostore.cl\/inicio\/wp-content\/uploads\/2022\/10\/p-elitepro-800x244.png 800w, https:\/\/voysegurostore.cl\/inicio\/wp-content\/uploads\/2022\/10\/p-elitepro-768x234.png 768w, https:\/\/voysegurostore.cl\/inicio\/wp-content\/uploads\/2022\/10\/p-elitepro-600x183.png 600w, https:\/\/voysegurostore.cl\/inicio\/wp-content\/uploads\/2022\/10\/p-elitepro.png 1301w\" sizes=\"auto, (max-width: 800px) 100vw, 800px\" \/><\/p>\n","protected":false},"excerpt":{"rendered":"<p>Los implementos de seguridad en la miner\u00eda, <strong>como las p\u00e9rtigas<\/strong>, son vitales para los trabajadores de la industria. Ya sea en las faenas en los piques, en el transporte de los trabajadores o del mineral extra\u00eddo, el cual recorre muchos kil\u00f3metros.<\/p>\n<a rel=\"noopener noreferrer\" href=\"https:\/\/voysegurostore.cl\/inicio\/wp-content\/uploads\/2023\/01\/Catalogo-Senaletica.pdf\" target=\"_blank\" class=\"button primary is-primary is-small\"  >\n    <span>Descargar Ficha T\u00e9cnica<\/span>\n  <\/a>\n\n<p><img loading=\"lazy\" decoding=\"async\" class=\"wp-image-328 alignleft\" src=\"https:\/\/voysegurostore.cl\/inicio\/wp-content\/uploads\/2022\/10\/logovoysegurologo-394x400.png\" alt=\"\" width=\"232\" height=\"235\" srcset=\"https:\/\/voysegurostore.cl\/inicio\/wp-content\/uploads\/2022\/10\/logovoysegurologo-394x400.png 394w, https:\/\/voysegurostore.cl\/inicio\/wp-content\/uploads\/2022\/10\/logovoysegurologo-600x609.png 600w, https:\/\/voysegurostore.cl\/inicio\/wp-content\/uploads\/2022\/10\/logovoysegurologo-100x100.png 100w, https:\/\/voysegurostore.cl\/inicio\/wp-content\/uploads\/2022\/10\/logovoysegurologo.png 745w\" sizes=\"auto, (max-width: 232px) 100vw, 232px\" \/><\/p>\n","protected":false},"featured_media":677,"comment_status":"open","ping_status":"closed","template":"","meta":{"_joinchat":[]},"product_cat":[135,88],"product_tag":[94,111,125,118,129,122,92,93,103,91,74,107,112,113,106,119,121,116,104,126,72,73,115,76],"class_list":["post-676","product","type-product","status-publish","has-post-thumbnail","hentry","product_cat-equipamiento-minero","product_cat-seguridad-vial","product_tag-argolla-conectora","product_tag-basura","product_tag-blusas","product_tag-cadena","product_tag-camisas","product_tag-cargas","product_tag-cinta","product_tag-cinta-retractil","product_tag-cintas","product_tag-conector","product_tag-conos","product_tag-contencion-vial","product_tag-contenedor","product_tag-contenedor-de-basura","product_tag-defensas","product_tag-grado-2","product_tag-izaje","product_tag-proteccion","product_tag-reflectantes","product_tag-ropa-corporativa","product_tag-seguridad","product_tag-senaletica","product_tag-solar","product_tag-vial"],"_links":{"self":[{"href":"https:\/\/voysegurostore.cl\/inicio\/wp-json\/wp\/v2\/product\/676","targetHints":{"allow":["GET"]}}],"collection":[{"href":"https:\/\/voysegurostore.cl\/inicio\/wp-json\/wp\/v2\/product"}],"about":[{"href":"https:\/\/voysegurostore.cl\/inicio\/wp-json\/wp\/v2\/types\/product"}],"replies":[{"embeddable":true,"href":"https:\/\/voysegurostore.cl\/inicio\/wp-json\/wp\/v2\/comments?post=676"}],"wp:featuredmedia":[{"embeddable":true,"href":"https:\/\/voysegurostore.cl\/inicio\/wp-json\/wp\/v2\/media\/677"}],"wp:attachment":[{"href":"https:\/\/voysegurostore.cl\/inicio\/wp-json\/wp\/v2\/media?parent=676"}],"wp:term":[{"taxonomy":"product_cat","embeddable":true,"href":"https:\/\/voysegurostore.cl\/inicio\/wp-json\/wp\/v2\/product_cat?post=676"},{"taxonomy":"product_tag","embeddable":true,"href":"https:\/\/voysegurostore.cl\/inicio\/wp-json\/wp\/v2\/product_tag?post=676"}],"curies":[{"name":"wp","href":"https:\/\/api.w.org\/{rel}","templated":true}]}}