{"id":668,"date":"2022-10-17T01:10:52","date_gmt":"2022-10-17T01:10:52","guid":{"rendered":"https:\/\/voysegurostore.cl\/inicio\/?post_type=product&#038;p=668"},"modified":"2022-10-17T01:23:57","modified_gmt":"2022-10-17T01:23:57","slug":"cadenas-tipo-malla-maquinaria","status":"publish","type":"product","link":"https:\/\/voysegurostore.cl\/inicio\/product\/cadenas-tipo-malla-maquinaria\/","title":{"rendered":"Cadenas Tipo Malla &#8211; Maquinaria"},"content":{"rendered":"<p><strong>TPC Malla 4 x 4, Protecci\u00f3n<\/strong><\/p>\n<p>La escasez mundial de neum\u00e1ticos de gran tama\u00f1o ha causado en los \u00faltimos\u00a0a\u00f1os un alza importante en su valor, lo cual implica un importante aumento en los\u00a0costos de producci\u00f3n para la miner\u00eda e industria.\u00a0Las cadenas protectoras SAGA\u00ae Malla 4&#215;4 entregan una soluci\u00f3n para este<\/p>\n<p>problema al alargar de manera considerable la vida del neum\u00e1tico, disminuyendo el\u00a0costo de este, y a su vez aumentando de manera importante la productividad, ya que\u00a0disminuye los tiempos de mantenimiento.<\/p>\n<p>&nbsp;<\/p>\n<p><strong>TPC Malla 6 x 6, Protecci\u00f3n + Tracci\u00f3n<\/strong><\/p>\n<p>Las cadenas TPC malla 6&#215;6 SAGA\u00ae de acero de aleaci\u00f3n, est\u00e1n fabricadas\u00a0con los m\u00e1s altos est\u00e1ndares de calidad, permitiendo un funcionamiento acorde a\u00a0las exigentes condiciones de trabajo.<\/p>\n<p>Las cadenas TPC 6 x 6 entregan tanto protecci\u00f3n como tracci\u00f3n a los\u00a0neum\u00e1tico, permitiendo un uso seguro en faenas donde existen condiciones de\u00a0deslizamiento y a su vez permite alargar la vida \u00fatil de los neum\u00e1ticos, otorgando\u00a0una excelente combinaci\u00f3n.<\/p>\n<p style=\"text-align: center;\">\n<p><strong>TPC Malla 10 x 10, Tracci\u00f3n<\/strong><\/p>\n<p>Las cadenas TPC Malla 10 x 10 SAGA\u00ae son fabricadas con acero de aleaci\u00f3n\u00a0para una m\u00e1xima duraci\u00f3n y resistencia al desgaste, entregando seguridad en todo tipo de faenas.<\/p>\n<p>&nbsp;<\/p>\n<p><img loading=\"lazy\" decoding=\"async\" class=\"size-medium wp-image-669 aligncenter\" src=\"https:\/\/voysegurostore.cl\/inicio\/wp-content\/uploads\/2022\/10\/xxxx01-800x293.png\" alt=\"\" width=\"800\" height=\"293\" srcset=\"https:\/\/voysegurostore.cl\/inicio\/wp-content\/uploads\/2022\/10\/xxxx01-800x293.png 800w, https:\/\/voysegurostore.cl\/inicio\/wp-content\/uploads\/2022\/10\/xxxx01-768x281.png 768w, https:\/\/voysegurostore.cl\/inicio\/wp-content\/uploads\/2022\/10\/xxxx01-600x220.png 600w, https:\/\/voysegurostore.cl\/inicio\/wp-content\/uploads\/2022\/10\/xxxx01.png 1122w\" sizes=\"auto, (max-width: 800px) 100vw, 800px\" \/> <img loading=\"lazy\" decoding=\"async\" class=\"size-medium wp-image-670 aligncenter\" src=\"https:\/\/voysegurostore.cl\/inicio\/wp-content\/uploads\/2022\/10\/xxxx2-800x212.png\" alt=\"\" width=\"800\" height=\"212\" srcset=\"https:\/\/voysegurostore.cl\/inicio\/wp-content\/uploads\/2022\/10\/xxxx2-800x212.png 800w, https:\/\/voysegurostore.cl\/inicio\/wp-content\/uploads\/2022\/10\/xxxx2-768x204.png 768w, https:\/\/voysegurostore.cl\/inicio\/wp-content\/uploads\/2022\/10\/xxxx2-600x159.png 600w, https:\/\/voysegurostore.cl\/inicio\/wp-content\/uploads\/2022\/10\/xxxx2.png 1120w\" sizes=\"auto, (max-width: 800px) 100vw, 800px\" \/> <img loading=\"lazy\" decoding=\"async\" class=\"size-medium wp-image-671 aligncenter\" src=\"https:\/\/voysegurostore.cl\/inicio\/wp-content\/uploads\/2022\/10\/xxxx3-748x400.png\" alt=\"\" width=\"748\" height=\"400\" srcset=\"https:\/\/voysegurostore.cl\/inicio\/wp-content\/uploads\/2022\/10\/xxxx3-748x400.png 748w, https:\/\/voysegurostore.cl\/inicio\/wp-content\/uploads\/2022\/10\/xxxx3-768x411.png 768w, https:\/\/voysegurostore.cl\/inicio\/wp-content\/uploads\/2022\/10\/xxxx3-600x321.png 600w, https:\/\/voysegurostore.cl\/inicio\/wp-content\/uploads\/2022\/10\/xxxx3.png 1125w\" sizes=\"auto, (max-width: 748px) 100vw, 748px\" \/><\/p>\n","protected":false},"excerpt":{"rendered":"<ul>\n<li>Aplicable para uso en Camiones\u00a0con eje doble o simple.<\/li>\n<li>Buen agarre y excelente autolimpieza.<\/li>\n<li>Para Barro, nieve o hielo.<\/li>\n<\/ul>\n<p><img loading=\"lazy\" decoding=\"async\" class=\"wp-image-328 aligncenter\" src=\"https:\/\/voysegurostore.cl\/inicio\/wp-content\/uploads\/2022\/10\/logovoysegurologo-394x400.png\" alt=\"\" width=\"232\" height=\"235\" srcset=\"https:\/\/voysegurostore.cl\/inicio\/wp-content\/uploads\/2022\/10\/logovoysegurologo-394x400.png 394w, https:\/\/voysegurostore.cl\/inicio\/wp-content\/uploads\/2022\/10\/logovoysegurologo-600x609.png 600w, https:\/\/voysegurostore.cl\/inicio\/wp-content\/uploads\/2022\/10\/logovoysegurologo-100x100.png 100w, https:\/\/voysegurostore.cl\/inicio\/wp-content\/uploads\/2022\/10\/logovoysegurologo.png 745w\" sizes=\"auto, (max-width: 232px) 100vw, 232px\" \/><\/p>\n","protected":false},"featured_media":672,"comment_status":"open","ping_status":"closed","template":"","meta":{"_joinchat":[]},"product_cat":[134,88],"product_tag":[94,111,125,118,129,122,92,93,103,91,74,107,112,113,106,119,121,116,104,126,72,73,115,76],"class_list":["post-668","product","type-product","status-publish","has-post-thumbnail","hentry","product_cat-cadenas-para-nieve","product_cat-seguridad-vial","product_tag-argolla-conectora","product_tag-basura","product_tag-blusas","product_tag-cadena","product_tag-camisas","product_tag-cargas","product_tag-cinta","product_tag-cinta-retractil","product_tag-cintas","product_tag-conector","product_tag-conos","product_tag-contencion-vial","product_tag-contenedor","product_tag-contenedor-de-basura","product_tag-defensas","product_tag-grado-2","product_tag-izaje","product_tag-proteccion","product_tag-reflectantes","product_tag-ropa-corporativa","product_tag-seguridad","product_tag-senaletica","product_tag-solar","product_tag-vial"],"_links":{"self":[{"href":"https:\/\/voysegurostore.cl\/inicio\/wp-json\/wp\/v2\/product\/668","targetHints":{"allow":["GET"]}}],"collection":[{"href":"https:\/\/voysegurostore.cl\/inicio\/wp-json\/wp\/v2\/product"}],"about":[{"href":"https:\/\/voysegurostore.cl\/inicio\/wp-json\/wp\/v2\/types\/product"}],"replies":[{"embeddable":true,"href":"https:\/\/voysegurostore.cl\/inicio\/wp-json\/wp\/v2\/comments?post=668"}],"wp:featuredmedia":[{"embeddable":true,"href":"https:\/\/voysegurostore.cl\/inicio\/wp-json\/wp\/v2\/media\/672"}],"wp:attachment":[{"href":"https:\/\/voysegurostore.cl\/inicio\/wp-json\/wp\/v2\/media?parent=668"}],"wp:term":[{"taxonomy":"product_cat","embeddable":true,"href":"https:\/\/voysegurostore.cl\/inicio\/wp-json\/wp\/v2\/product_cat?post=668"},{"taxonomy":"product_tag","embeddable":true,"href":"https:\/\/voysegurostore.cl\/inicio\/wp-json\/wp\/v2\/product_tag?post=668"}],"curies":[{"name":"wp","href":"https:\/\/api.w.org\/{rel}","templated":true}]}}