{"id":660,"date":"2022-10-17T01:00:59","date_gmt":"2022-10-17T01:00:59","guid":{"rendered":"https:\/\/voysegurostore.cl\/inicio\/?post_type=product&#038;p=660"},"modified":"2022-10-17T01:03:26","modified_gmt":"2022-10-17T01:03:26","slug":"cadenas-skidder","status":"publish","type":"product","link":"https:\/\/voysegurostore.cl\/inicio\/product\/cadenas-skidder\/","title":{"rendered":"Cadenas Skidder"},"content":{"rendered":"<p>Las cadenas con argollas y Tipo diamante U, SAGA\u00ae, entregan una excelente tracci\u00f3n en el barro, nieve y hielo, y tambi\u00e9n protecci\u00f3n a los neum\u00e1ticos de maquinaria forestal y agr\u00edcola, tanto en superficies planas como en\u00a0terrenos con desnivel.<\/p>\n<p>&nbsp;<\/p>\n<p>&nbsp;<\/p>\n<p><img loading=\"lazy\" decoding=\"async\" class=\"size-medium wp-image-661 aligncenter\" src=\"https:\/\/voysegurostore.cl\/inicio\/wp-content\/uploads\/2022\/10\/pppp1-677x400.png\" alt=\"\" width=\"677\" height=\"400\" srcset=\"https:\/\/voysegurostore.cl\/inicio\/wp-content\/uploads\/2022\/10\/pppp1-677x400.png 677w, https:\/\/voysegurostore.cl\/inicio\/wp-content\/uploads\/2022\/10\/pppp1-768x454.png 768w, https:\/\/voysegurostore.cl\/inicio\/wp-content\/uploads\/2022\/10\/pppp1-600x354.png 600w, https:\/\/voysegurostore.cl\/inicio\/wp-content\/uploads\/2022\/10\/pppp1.png 1126w\" sizes=\"auto, (max-width: 677px) 100vw, 677px\" \/><\/p>\n<p>&nbsp;<\/p>\n<p>&nbsp;<\/p>\n<p>&nbsp;<\/p>\n<p style=\"text-align: center;\">\n","protected":false},"excerpt":{"rendered":"<ul>\n<li>Las cadenas Tipo Travesa\u00f1o SAGA\u00ae est\u00e1n dise\u00f1adas para uso en superficies de barro, Hielo o Nieve<\/li>\n<li>Protecci\u00f3n a los neum\u00e1ticos de maquinaria forestal y agr\u00edcola<\/li>\n<\/ul>\n<p><img loading=\"lazy\" decoding=\"async\" class=\"wp-image-328 aligncenter\" src=\"https:\/\/voysegurostore.cl\/inicio\/wp-content\/uploads\/2022\/10\/logovoysegurologo-394x400.png\" alt=\"\" width=\"232\" height=\"235\" srcset=\"https:\/\/voysegurostore.cl\/inicio\/wp-content\/uploads\/2022\/10\/logovoysegurologo-394x400.png 394w, https:\/\/voysegurostore.cl\/inicio\/wp-content\/uploads\/2022\/10\/logovoysegurologo-600x609.png 600w, https:\/\/voysegurostore.cl\/inicio\/wp-content\/uploads\/2022\/10\/logovoysegurologo-100x100.png 100w, https:\/\/voysegurostore.cl\/inicio\/wp-content\/uploads\/2022\/10\/logovoysegurologo.png 745w\" sizes=\"auto, (max-width: 232px) 100vw, 232px\" \/><\/p>\n","protected":false},"featured_media":662,"comment_status":"open","ping_status":"closed","template":"","meta":{"_joinchat":[]},"product_cat":[134,88],"product_tag":[94,111,125,118,129,122,92,93,103,91,74,107,112,113,106,119,121,116,104,126,72,73,115,76],"class_list":["post-660","product","type-product","status-publish","has-post-thumbnail","hentry","product_cat-cadenas-para-nieve","product_cat-seguridad-vial","product_tag-argolla-conectora","product_tag-basura","product_tag-blusas","product_tag-cadena","product_tag-camisas","product_tag-cargas","product_tag-cinta","product_tag-cinta-retractil","product_tag-cintas","product_tag-conector","product_tag-conos","product_tag-contencion-vial","product_tag-contenedor","product_tag-contenedor-de-basura","product_tag-defensas","product_tag-grado-2","product_tag-izaje","product_tag-proteccion","product_tag-reflectantes","product_tag-ropa-corporativa","product_tag-seguridad","product_tag-senaletica","product_tag-solar","product_tag-vial"],"_links":{"self":[{"href":"https:\/\/voysegurostore.cl\/inicio\/wp-json\/wp\/v2\/product\/660","targetHints":{"allow":["GET"]}}],"collection":[{"href":"https:\/\/voysegurostore.cl\/inicio\/wp-json\/wp\/v2\/product"}],"about":[{"href":"https:\/\/voysegurostore.cl\/inicio\/wp-json\/wp\/v2\/types\/product"}],"replies":[{"embeddable":true,"href":"https:\/\/voysegurostore.cl\/inicio\/wp-json\/wp\/v2\/comments?post=660"}],"wp:featuredmedia":[{"embeddable":true,"href":"https:\/\/voysegurostore.cl\/inicio\/wp-json\/wp\/v2\/media\/662"}],"wp:attachment":[{"href":"https:\/\/voysegurostore.cl\/inicio\/wp-json\/wp\/v2\/media?parent=660"}],"wp:term":[{"taxonomy":"product_cat","embeddable":true,"href":"https:\/\/voysegurostore.cl\/inicio\/wp-json\/wp\/v2\/product_cat?post=660"},{"taxonomy":"product_tag","embeddable":true,"href":"https:\/\/voysegurostore.cl\/inicio\/wp-json\/wp\/v2\/product_tag?post=660"}],"curies":[{"name":"wp","href":"https:\/\/api.w.org\/{rel}","templated":true}]}}