{"id":639,"date":"2022-10-16T22:41:04","date_gmt":"2022-10-16T22:41:04","guid":{"rendered":"https:\/\/voysegurostore.cl\/inicio\/?post_type=product&#038;p=639"},"modified":"2022-10-16T22:48:46","modified_gmt":"2022-10-16T22:48:46","slug":"cadenas-serie-28-48-cam-rompehielo","status":"publish","type":"product","link":"https:\/\/voysegurostore.cl\/inicio\/product\/cadenas-serie-28-48-cam-rompehielo\/","title":{"rendered":"Cadenas Serie 28-48 CAM &#8211; Rompehielo"},"content":{"rendered":"<p>Las cadenas tipo escalera con rompehielos para veh\u00edculos livianos est\u00e1n dise\u00f1adas\u00a0para un m\u00e1ximo agarre en pendientes y caminos en condiciones dif\u00edciles para el manejo,\u00a0entregando la seguridad requerida para superficies de barro, hielo y nieve, permitiendo una\u00a0conducci\u00f3n segura.<\/p>\n<p>&nbsp;<\/p>\n<p><strong>Como identificar la medida de un neum\u00e1tico<\/strong><\/p>\n<p>Las cadenas para nieve no son est\u00e1ndar, estas deben ser seg\u00fan la medida del neum\u00e1tico.<\/p>\n<p>&nbsp;<\/p>\n<p style=\"text-align: center;\"><img loading=\"lazy\" decoding=\"async\" class=\"alignnone size-full wp-image-640\" src=\"https:\/\/voysegurostore.cl\/inicio\/wp-content\/uploads\/2022\/10\/cadena.png\" alt=\"\" width=\"627\" height=\"392\" srcset=\"https:\/\/voysegurostore.cl\/inicio\/wp-content\/uploads\/2022\/10\/cadena.png 627w, https:\/\/voysegurostore.cl\/inicio\/wp-content\/uploads\/2022\/10\/cadena-600x375.png 600w\" sizes=\"auto, (max-width: 627px) 100vw, 627px\" \/> <img loading=\"lazy\" decoding=\"async\" class=\"alignnone size-medium wp-image-642\" src=\"https:\/\/voysegurostore.cl\/inicio\/wp-content\/uploads\/2022\/10\/especificaciones-800x269.png\" alt=\"\" width=\"800\" height=\"269\" srcset=\"https:\/\/voysegurostore.cl\/inicio\/wp-content\/uploads\/2022\/10\/especificaciones-800x269.png 800w, https:\/\/voysegurostore.cl\/inicio\/wp-content\/uploads\/2022\/10\/especificaciones-768x259.png 768w, https:\/\/voysegurostore.cl\/inicio\/wp-content\/uploads\/2022\/10\/especificaciones-600x202.png 600w, https:\/\/voysegurostore.cl\/inicio\/wp-content\/uploads\/2022\/10\/especificaciones.png 1120w\" sizes=\"auto, (max-width: 800px) 100vw, 800px\" \/> <img loading=\"lazy\" decoding=\"async\" class=\"alignnone size-medium wp-image-643\" src=\"https:\/\/voysegurostore.cl\/inicio\/wp-content\/uploads\/2022\/10\/relacion-800x250.png\" alt=\"\" width=\"800\" height=\"250\" srcset=\"https:\/\/voysegurostore.cl\/inicio\/wp-content\/uploads\/2022\/10\/relacion-800x250.png 800w, https:\/\/voysegurostore.cl\/inicio\/wp-content\/uploads\/2022\/10\/relacion-768x240.png 768w, https:\/\/voysegurostore.cl\/inicio\/wp-content\/uploads\/2022\/10\/relacion-600x187.png 600w, https:\/\/voysegurostore.cl\/inicio\/wp-content\/uploads\/2022\/10\/relacion.png 1130w\" sizes=\"auto, (max-width: 800px) 100vw, 800px\" \/> <img loading=\"lazy\" decoding=\"async\" class=\"alignnone size-medium wp-image-644\" src=\"https:\/\/voysegurostore.cl\/inicio\/wp-content\/uploads\/2022\/10\/ssitemacam-721x400.png\" alt=\"\" width=\"721\" height=\"400\" srcset=\"https:\/\/voysegurostore.cl\/inicio\/wp-content\/uploads\/2022\/10\/ssitemacam-721x400.png 721w, https:\/\/voysegurostore.cl\/inicio\/wp-content\/uploads\/2022\/10\/ssitemacam-768x426.png 768w, https:\/\/voysegurostore.cl\/inicio\/wp-content\/uploads\/2022\/10\/ssitemacam-600x333.png 600w, https:\/\/voysegurostore.cl\/inicio\/wp-content\/uploads\/2022\/10\/ssitemacam.png 1128w\" sizes=\"auto, (max-width: 721px) 100vw, 721px\" \/><\/p>\n","protected":false},"excerpt":{"rendered":"<p>Las cadenas tipo escalera con rompehielos para veh\u00edculos livianos est\u00e1n dise\u00f1adas\u00a0para un m\u00e1ximo agarre en pendientes y caminos en condiciones dif\u00edciles para el manejo,\u00a0entregando la seguridad requerida para superficies de barro, hielo y nieve, permitiendo una\u00a0conducci\u00f3n segura.<\/p>\n<p><img loading=\"lazy\" decoding=\"async\" class=\"wp-image-328 aligncenter\" src=\"https:\/\/voysegurostore.cl\/inicio\/wp-content\/uploads\/2022\/10\/logovoysegurologo-394x400.png\" alt=\"\" width=\"232\" height=\"235\" srcset=\"https:\/\/voysegurostore.cl\/inicio\/wp-content\/uploads\/2022\/10\/logovoysegurologo-394x400.png 394w, https:\/\/voysegurostore.cl\/inicio\/wp-content\/uploads\/2022\/10\/logovoysegurologo-600x609.png 600w, https:\/\/voysegurostore.cl\/inicio\/wp-content\/uploads\/2022\/10\/logovoysegurologo-100x100.png 100w, https:\/\/voysegurostore.cl\/inicio\/wp-content\/uploads\/2022\/10\/logovoysegurologo.png 745w\" sizes=\"auto, (max-width: 232px) 100vw, 232px\" \/><\/p>\n","protected":false},"featured_media":641,"comment_status":"open","ping_status":"closed","template":"","meta":{"_joinchat":[]},"product_cat":[134,88],"product_tag":[94,111,125,118,129,122,92,93,103,91,74,107,112,113,106,119,121,116,104,126,72,73,115,76],"class_list":["post-639","product","type-product","status-publish","has-post-thumbnail","hentry","product_cat-cadenas-para-nieve","product_cat-seguridad-vial","product_tag-argolla-conectora","product_tag-basura","product_tag-blusas","product_tag-cadena","product_tag-camisas","product_tag-cargas","product_tag-cinta","product_tag-cinta-retractil","product_tag-cintas","product_tag-conector","product_tag-conos","product_tag-contencion-vial","product_tag-contenedor","product_tag-contenedor-de-basura","product_tag-defensas","product_tag-grado-2","product_tag-izaje","product_tag-proteccion","product_tag-reflectantes","product_tag-ropa-corporativa","product_tag-seguridad","product_tag-senaletica","product_tag-solar","product_tag-vial"],"_links":{"self":[{"href":"https:\/\/voysegurostore.cl\/inicio\/wp-json\/wp\/v2\/product\/639","targetHints":{"allow":["GET"]}}],"collection":[{"href":"https:\/\/voysegurostore.cl\/inicio\/wp-json\/wp\/v2\/product"}],"about":[{"href":"https:\/\/voysegurostore.cl\/inicio\/wp-json\/wp\/v2\/types\/product"}],"replies":[{"embeddable":true,"href":"https:\/\/voysegurostore.cl\/inicio\/wp-json\/wp\/v2\/comments?post=639"}],"wp:featuredmedia":[{"embeddable":true,"href":"https:\/\/voysegurostore.cl\/inicio\/wp-json\/wp\/v2\/media\/641"}],"wp:attachment":[{"href":"https:\/\/voysegurostore.cl\/inicio\/wp-json\/wp\/v2\/media?parent=639"}],"wp:term":[{"taxonomy":"product_cat","embeddable":true,"href":"https:\/\/voysegurostore.cl\/inicio\/wp-json\/wp\/v2\/product_cat?post=639"},{"taxonomy":"product_tag","embeddable":true,"href":"https:\/\/voysegurostore.cl\/inicio\/wp-json\/wp\/v2\/product_tag?post=639"}],"curies":[{"name":"wp","href":"https:\/\/api.w.org\/{rel}","templated":true}]}}