{"id":574,"date":"2022-10-13T01:58:54","date_gmt":"2022-10-13T01:58:54","guid":{"rendered":"https:\/\/voysegurostore.cl\/inicio\/?post_type=product&#038;p=574"},"modified":"2022-10-19T14:37:46","modified_gmt":"2022-10-19T14:37:46","slug":"control-de-carga","status":"publish","type":"product","link":"https:\/\/voysegurostore.cl\/inicio\/product\/control-de-carga\/","title":{"rendered":"Control de Carga"},"content":{"rendered":"<p>La cadena y accesorios para control de carga SAGA\u00ae se fabrican a partir de acero al carbono tratada al calor, la cual no\u00a0contiene aleaciones a\u00f1adidas al acero. Las cadenas G70, tiene como principal caracter\u00edstica su elasticidad, previniendo as\u00ed\u00a0fracturas o fatiga sorpresiva que puedan poner en peligro la carga. Esta cadena ha sido dise\u00f1ada para amarrar o atar cargas para\u00a0transporte. Por lo cual, tiene un acabado en cromato de oro para ayudar a resistir la corrosi\u00f3n por la exposici\u00f3n continua a los\u00a0elementos y el rigor del uso en carreteras.<\/p>\n<p>&nbsp;<\/p>\n<p>&nbsp;<\/p>\n<p><img loading=\"lazy\" decoding=\"async\" class=\"size-medium wp-image-576 aligncenter\" src=\"https:\/\/voysegurostore.cl\/inicio\/wp-content\/uploads\/2022\/10\/carga01-800x253.png\" alt=\"\" width=\"800\" height=\"253\" srcset=\"https:\/\/voysegurostore.cl\/inicio\/wp-content\/uploads\/2022\/10\/carga01-800x253.png 800w, https:\/\/voysegurostore.cl\/inicio\/wp-content\/uploads\/2022\/10\/carga01-768x243.png 768w, https:\/\/voysegurostore.cl\/inicio\/wp-content\/uploads\/2022\/10\/carga01-600x190.png 600w, https:\/\/voysegurostore.cl\/inicio\/wp-content\/uploads\/2022\/10\/carga01.png 895w\" sizes=\"auto, (max-width: 800px) 100vw, 800px\" \/> <img loading=\"lazy\" decoding=\"async\" class=\"size-medium wp-image-577 aligncenter\" src=\"https:\/\/voysegurostore.cl\/inicio\/wp-content\/uploads\/2022\/10\/carga02-800x378.png\" alt=\"\" width=\"800\" height=\"378\" srcset=\"https:\/\/voysegurostore.cl\/inicio\/wp-content\/uploads\/2022\/10\/carga02-800x378.png 800w, https:\/\/voysegurostore.cl\/inicio\/wp-content\/uploads\/2022\/10\/carga02-768x363.png 768w, https:\/\/voysegurostore.cl\/inicio\/wp-content\/uploads\/2022\/10\/carga02-600x283.png 600w, https:\/\/voysegurostore.cl\/inicio\/wp-content\/uploads\/2022\/10\/carga02.png 898w\" sizes=\"auto, (max-width: 800px) 100vw, 800px\" \/> <img loading=\"lazy\" decoding=\"async\" class=\"size-medium wp-image-578 aligncenter\" src=\"https:\/\/voysegurostore.cl\/inicio\/wp-content\/uploads\/2022\/10\/carga03-743x400.png\" alt=\"\" width=\"743\" height=\"400\" srcset=\"https:\/\/voysegurostore.cl\/inicio\/wp-content\/uploads\/2022\/10\/carga03-743x400.png 743w, https:\/\/voysegurostore.cl\/inicio\/wp-content\/uploads\/2022\/10\/carga03-768x414.png 768w, https:\/\/voysegurostore.cl\/inicio\/wp-content\/uploads\/2022\/10\/carga03-600x323.png 600w, https:\/\/voysegurostore.cl\/inicio\/wp-content\/uploads\/2022\/10\/carga03.png 895w\" sizes=\"auto, (max-width: 743px) 100vw, 743px\" \/> <img loading=\"lazy\" decoding=\"async\" class=\"size-medium wp-image-579 aligncenter\" src=\"https:\/\/voysegurostore.cl\/inicio\/wp-content\/uploads\/2022\/10\/carga04-800x246.png\" alt=\"\" width=\"800\" height=\"246\" srcset=\"https:\/\/voysegurostore.cl\/inicio\/wp-content\/uploads\/2022\/10\/carga04-800x246.png 800w, https:\/\/voysegurostore.cl\/inicio\/wp-content\/uploads\/2022\/10\/carga04-768x237.png 768w, https:\/\/voysegurostore.cl\/inicio\/wp-content\/uploads\/2022\/10\/carga04-600x185.png 600w, https:\/\/voysegurostore.cl\/inicio\/wp-content\/uploads\/2022\/10\/carga04.png 896w\" sizes=\"auto, (max-width: 800px) 100vw, 800px\" \/><\/p>\n<p>&nbsp;<\/p>\n<p>&nbsp;<\/p>\n<p style=\"text-align: center;\">\n","protected":false},"excerpt":{"rendered":"<ul>\n<li>La cadena y accesorios para control de carga SAGA\u00ae se fabrican a partir de acero al carbono tratada al calor, la cual no\u00a0contiene aleaciones a\u00f1adidas al acero. Las cadenas G70, tiene como principal caracter\u00edstica su elasticidad, previniendo as\u00ed\u00a0fracturas o fatiga sorpresiva que puedan poner en peligro la carga. Esta cadena ha sido dise\u00f1ada para amarrar o atar cargas para\u00a0transporte. Por lo cual, tiene un acabado en cromato de oro para ayudar a resistir la corrosi\u00f3n por la exposici\u00f3n continua a los\u00a0elementos y el rigor del uso en carreteras.<\/li>\n<\/ul>\n<p><img loading=\"lazy\" decoding=\"async\" class=\"wp-image-328 aligncenter\" src=\"https:\/\/voysegurostore.cl\/inicio\/wp-content\/uploads\/2022\/10\/logovoysegurologo-394x400.png\" alt=\"\" width=\"232\" height=\"235\" srcset=\"https:\/\/voysegurostore.cl\/inicio\/wp-content\/uploads\/2022\/10\/logovoysegurologo-394x400.png 394w, https:\/\/voysegurostore.cl\/inicio\/wp-content\/uploads\/2022\/10\/logovoysegurologo-600x609.png 600w, https:\/\/voysegurostore.cl\/inicio\/wp-content\/uploads\/2022\/10\/logovoysegurologo-100x100.png 100w, https:\/\/voysegurostore.cl\/inicio\/wp-content\/uploads\/2022\/10\/logovoysegurologo.png 745w\" sizes=\"auto, (max-width: 232px) 100vw, 232px\" \/><\/p>\n","protected":false},"featured_media":575,"comment_status":"open","ping_status":"closed","template":"","meta":{"_joinchat":[]},"product_cat":[120,88],"product_tag":[94,111,118,122,92,93,103,91,74,107,112,113,106,119,121,116,104,72,73,115,76],"class_list":["post-574","product","type-product","status-publish","has-post-thumbnail","hentry","product_cat-izaje-de-carga","product_cat-seguridad-vial","product_tag-argolla-conectora","product_tag-basura","product_tag-cadena","product_tag-cargas","product_tag-cinta","product_tag-cinta-retractil","product_tag-cintas","product_tag-conector","product_tag-conos","product_tag-contencion-vial","product_tag-contenedor","product_tag-contenedor-de-basura","product_tag-defensas","product_tag-grado-2","product_tag-izaje","product_tag-proteccion","product_tag-reflectantes","product_tag-seguridad","product_tag-senaletica","product_tag-solar","product_tag-vial"],"_links":{"self":[{"href":"https:\/\/voysegurostore.cl\/inicio\/wp-json\/wp\/v2\/product\/574","targetHints":{"allow":["GET"]}}],"collection":[{"href":"https:\/\/voysegurostore.cl\/inicio\/wp-json\/wp\/v2\/product"}],"about":[{"href":"https:\/\/voysegurostore.cl\/inicio\/wp-json\/wp\/v2\/types\/product"}],"replies":[{"embeddable":true,"href":"https:\/\/voysegurostore.cl\/inicio\/wp-json\/wp\/v2\/comments?post=574"}],"wp:featuredmedia":[{"embeddable":true,"href":"https:\/\/voysegurostore.cl\/inicio\/wp-json\/wp\/v2\/media\/575"}],"wp:attachment":[{"href":"https:\/\/voysegurostore.cl\/inicio\/wp-json\/wp\/v2\/media?parent=574"}],"wp:term":[{"taxonomy":"product_cat","embeddable":true,"href":"https:\/\/voysegurostore.cl\/inicio\/wp-json\/wp\/v2\/product_cat?post=574"},{"taxonomy":"product_tag","embeddable":true,"href":"https:\/\/voysegurostore.cl\/inicio\/wp-json\/wp\/v2\/product_tag?post=574"}],"curies":[{"name":"wp","href":"https:\/\/api.w.org\/{rel}","templated":true}]}}