{"id":480,"date":"2022-10-11T00:00:47","date_gmt":"2022-10-11T00:00:47","guid":{"rendered":"https:\/\/voysegurostore.cl\/inicio\/?post_type=product&#038;p=480"},"modified":"2023-01-16T01:34:52","modified_gmt":"2023-01-16T01:34:52","slug":"cintas-reflectantes-y-seguridad","status":"publish","type":"product","link":"https:\/\/voysegurostore.cl\/inicio\/product\/cintas-reflectantes-y-seguridad\/","title":{"rendered":"Cintas Reflectantes y Seguridad"},"content":{"rendered":"<p>Normativa: cumple con las Especificaciones T\u00e9cnicas del Manual de Se\u00f1alizaci\u00f3n de\u00a0Tr\u00e1nsito, Cap\u00edtulo N\u00ba5, Se\u00f1alizaci\u00f3n Transitoria y Medidas de Seguridad para Trabajos en la\u00a0V\u00eda, Punto 5.3, a\u00f1o 2013.<\/p>\n<p>&nbsp;<\/p>\n<p><img loading=\"lazy\" decoding=\"async\" class=\" wp-image-482 alignleft\" src=\"https:\/\/voysegurostore.cl\/inicio\/wp-content\/uploads\/2022\/10\/Cinta01-298x400.png\" alt=\"\" width=\"339\" height=\"455\" srcset=\"https:\/\/voysegurostore.cl\/inicio\/wp-content\/uploads\/2022\/10\/Cinta01-298x400.png 298w, https:\/\/voysegurostore.cl\/inicio\/wp-content\/uploads\/2022\/10\/Cinta01.png 534w\" sizes=\"auto, (max-width: 339px) 100vw, 339px\" \/> <img loading=\"lazy\" decoding=\"async\" class=\"size-medium wp-image-484 aligncenter\" src=\"https:\/\/voysegurostore.cl\/inicio\/wp-content\/uploads\/2022\/10\/cinta3-420x400.png\" alt=\"\" width=\"420\" height=\"400\" srcset=\"https:\/\/voysegurostore.cl\/inicio\/wp-content\/uploads\/2022\/10\/cinta3-420x400.png 420w, https:\/\/voysegurostore.cl\/inicio\/wp-content\/uploads\/2022\/10\/cinta3.png 479w\" sizes=\"auto, (max-width: 420px) 100vw, 420px\" \/><\/p>\n<p>&nbsp;<\/p>\n<p>&nbsp;<\/p>\n<p><img loading=\"lazy\" decoding=\"async\" class=\"alignnone size-medium wp-image-483\" src=\"https:\/\/voysegurostore.cl\/inicio\/wp-content\/uploads\/2022\/10\/Cinta2-249x400.png\" alt=\"\" width=\"249\" height=\"400\" srcset=\"https:\/\/voysegurostore.cl\/inicio\/wp-content\/uploads\/2022\/10\/Cinta2-249x400.png 249w, https:\/\/voysegurostore.cl\/inicio\/wp-content\/uploads\/2022\/10\/Cinta2.png 479w\" sizes=\"auto, (max-width: 249px) 100vw, 249px\" \/> <img loading=\"lazy\" decoding=\"async\" class=\"alignnone size-full wp-image-481\" src=\"https:\/\/voysegurostore.cl\/inicio\/wp-content\/uploads\/2022\/10\/cinta-4.png\" alt=\"\" width=\"459\" height=\"301\" \/><\/p>\n","protected":false},"excerpt":{"rendered":"<p>Normativa: cumple con las Especificaciones T\u00e9cnicas del Manual de Se\u00f1alizaci\u00f3n de\u00a0Tr\u00e1nsito, Cap\u00edtulo N\u00ba5, Se\u00f1alizaci\u00f3n Transitoria y Medidas de Seguridad para Trabajos en la\u00a0V\u00eda, Punto 5.3, a\u00f1o 2013.<\/p>\n<a rel=\"noopener noreferrer\" href=\"https:\/\/voysegurostore.cl\/inicio\/wp-content\/uploads\/2023\/01\/Catalogo-Seguridad-Vial.pdf\" target=\"_blank\" class=\"button primary is-primary is-small\"  >\n    <span>Descargar Ficha T\u00e9cnica<\/span>\n  <\/a>\n\n<p><img loading=\"lazy\" decoding=\"async\" class=\"wp-image-328 alignleft\" src=\"https:\/\/voysegurostore.cl\/inicio\/wp-content\/uploads\/2022\/10\/logovoysegurologo-394x400.png\" alt=\"\" width=\"232\" height=\"235\" srcset=\"https:\/\/voysegurostore.cl\/inicio\/wp-content\/uploads\/2022\/10\/logovoysegurologo-394x400.png 394w, https:\/\/voysegurostore.cl\/inicio\/wp-content\/uploads\/2022\/10\/logovoysegurologo-600x609.png 600w, https:\/\/voysegurostore.cl\/inicio\/wp-content\/uploads\/2022\/10\/logovoysegurologo-100x100.png 100w, https:\/\/voysegurostore.cl\/inicio\/wp-content\/uploads\/2022\/10\/logovoysegurologo.png 745w\" sizes=\"auto, (max-width: 232px) 100vw, 232px\" \/><\/p>\n","protected":false},"featured_media":485,"comment_status":"open","ping_status":"closed","template":"","meta":{"_joinchat":[]},"product_cat":[102,88],"product_tag":[94,92,93,103,91,74,104,72,73],"class_list":["post-480","product","type-product","status-publish","has-post-thumbnail","hentry","product_cat-cintas-reflectantes-y-seguridad","product_cat-seguridad-vial","product_tag-argolla-conectora","product_tag-cinta","product_tag-cinta-retractil","product_tag-cintas","product_tag-conector","product_tag-conos","product_tag-reflectantes","product_tag-seguridad","product_tag-senaletica"],"_links":{"self":[{"href":"https:\/\/voysegurostore.cl\/inicio\/wp-json\/wp\/v2\/product\/480","targetHints":{"allow":["GET"]}}],"collection":[{"href":"https:\/\/voysegurostore.cl\/inicio\/wp-json\/wp\/v2\/product"}],"about":[{"href":"https:\/\/voysegurostore.cl\/inicio\/wp-json\/wp\/v2\/types\/product"}],"replies":[{"embeddable":true,"href":"https:\/\/voysegurostore.cl\/inicio\/wp-json\/wp\/v2\/comments?post=480"}],"wp:featuredmedia":[{"embeddable":true,"href":"https:\/\/voysegurostore.cl\/inicio\/wp-json\/wp\/v2\/media\/485"}],"wp:attachment":[{"href":"https:\/\/voysegurostore.cl\/inicio\/wp-json\/wp\/v2\/media?parent=480"}],"wp:term":[{"taxonomy":"product_cat","embeddable":true,"href":"https:\/\/voysegurostore.cl\/inicio\/wp-json\/wp\/v2\/product_cat?post=480"},{"taxonomy":"product_tag","embeddable":true,"href":"https:\/\/voysegurostore.cl\/inicio\/wp-json\/wp\/v2\/product_tag?post=480"}],"curies":[{"name":"wp","href":"https:\/\/api.w.org\/{rel}","templated":true}]}}