{"id":470,"date":"2022-10-10T02:38:07","date_gmt":"2022-10-10T02:38:07","guid":{"rendered":"https:\/\/voysegurostore.cl\/inicio\/?post_type=product&#038;p=470"},"modified":"2023-01-16T01:32:43","modified_gmt":"2023-01-16T01:32:43","slug":"demarcacion-vial","status":"publish","type":"product","link":"https:\/\/voysegurostore.cl\/inicio\/product\/demarcacion-vial\/","title":{"rendered":"Demarcaci\u00f3n Vial"},"content":{"rendered":"<p>Normativa: cumple con las Especificaciones T\u00e9cnicas del Manual de Se\u00f1alizaci\u00f3n de\u00a0Tr\u00e1nsito, Cap\u00edtulo N\u00ba5, Se\u00f1alizaci\u00f3n Transitoria y Medidas de Seguridad para Trabajos en la\u00a0V\u00eda, Punto 5.3, a\u00f1o 2013.<\/p>\n<p>&nbsp;<\/p>\n<p>&nbsp;<\/p>\n<p><img loading=\"lazy\" decoding=\"async\" class=\"size-medium wp-image-472 aligncenter\" src=\"https:\/\/voysegurostore.cl\/inicio\/wp-content\/uploads\/2022\/10\/vial1-800x359.png\" alt=\"\" width=\"800\" height=\"359\" srcset=\"https:\/\/voysegurostore.cl\/inicio\/wp-content\/uploads\/2022\/10\/vial1-800x359.png 800w, https:\/\/voysegurostore.cl\/inicio\/wp-content\/uploads\/2022\/10\/vial1-768x345.png 768w, https:\/\/voysegurostore.cl\/inicio\/wp-content\/uploads\/2022\/10\/vial1-600x269.png 600w, https:\/\/voysegurostore.cl\/inicio\/wp-content\/uploads\/2022\/10\/vial1.png 1114w\" sizes=\"auto, (max-width: 800px) 100vw, 800px\" \/> <img loading=\"lazy\" decoding=\"async\" class=\"size-medium wp-image-473 aligncenter\" src=\"https:\/\/voysegurostore.cl\/inicio\/wp-content\/uploads\/2022\/10\/vial2-634x400.png\" alt=\"\" width=\"634\" height=\"400\" srcset=\"https:\/\/voysegurostore.cl\/inicio\/wp-content\/uploads\/2022\/10\/vial2-634x400.png 634w, https:\/\/voysegurostore.cl\/inicio\/wp-content\/uploads\/2022\/10\/vial2-768x484.png 768w, https:\/\/voysegurostore.cl\/inicio\/wp-content\/uploads\/2022\/10\/vial2-600x378.png 600w, https:\/\/voysegurostore.cl\/inicio\/wp-content\/uploads\/2022\/10\/vial2.png 1126w\" sizes=\"auto, (max-width: 634px) 100vw, 634px\" \/> <img loading=\"lazy\" decoding=\"async\" class=\"size-medium wp-image-474 aligncenter\" src=\"https:\/\/voysegurostore.cl\/inicio\/wp-content\/uploads\/2022\/10\/vial3-390x400.png\" alt=\"\" width=\"390\" height=\"400\" srcset=\"https:\/\/voysegurostore.cl\/inicio\/wp-content\/uploads\/2022\/10\/vial3-390x400.png 390w, https:\/\/voysegurostore.cl\/inicio\/wp-content\/uploads\/2022\/10\/vial3.png 406w\" sizes=\"auto, (max-width: 390px) 100vw, 390px\" \/><\/p>\n","protected":false},"excerpt":{"rendered":"<p>Normativa: cumple con las Especificaciones T\u00e9cnicas del Manual de Se\u00f1alizaci\u00f3n de\u00a0Tr\u00e1nsito, Cap\u00edtulo N\u00ba5, Se\u00f1alizaci\u00f3n Transitoria y Medidas de Seguridad para Trabajos en la\u00a0V\u00eda, Punto 5.3, a\u00f1o 2013.<\/p>\n<a rel=\"noopener noreferrer\" href=\"https:\/\/voysegurostore.cl\/inicio\/wp-content\/uploads\/2023\/01\/Catalogo-Seguridad-Vial.pdf\" target=\"_blank\" class=\"button primary is-primary is-small\"  >\n    <span>Descargar Ficha T\u00e9cnica<\/span>\n  <\/a>\n\n<p><img loading=\"lazy\" decoding=\"async\" class=\"wp-image-328 alignleft\" src=\"https:\/\/voysegurostore.cl\/inicio\/wp-content\/uploads\/2022\/10\/logovoysegurologo-394x400.png\" alt=\"\" width=\"232\" height=\"235\" srcset=\"https:\/\/voysegurostore.cl\/inicio\/wp-content\/uploads\/2022\/10\/logovoysegurologo-394x400.png 394w, https:\/\/voysegurostore.cl\/inicio\/wp-content\/uploads\/2022\/10\/logovoysegurologo-600x609.png 600w, https:\/\/voysegurostore.cl\/inicio\/wp-content\/uploads\/2022\/10\/logovoysegurologo-100x100.png 100w, https:\/\/voysegurostore.cl\/inicio\/wp-content\/uploads\/2022\/10\/logovoysegurologo.png 745w\" sizes=\"auto, (max-width: 232px) 100vw, 232px\" \/><\/p>\n","protected":false},"featured_media":471,"comment_status":"open","ping_status":"closed","template":"","meta":{"_joinchat":[]},"product_cat":[100,88],"product_tag":[94,92,93,91,74,72,73],"class_list":["post-470","product","type-product","status-publish","has-post-thumbnail","hentry","product_cat-demarcacion-vial","product_cat-seguridad-vial","product_tag-argolla-conectora","product_tag-cinta","product_tag-cinta-retractil","product_tag-conector","product_tag-conos","product_tag-seguridad","product_tag-senaletica"],"_links":{"self":[{"href":"https:\/\/voysegurostore.cl\/inicio\/wp-json\/wp\/v2\/product\/470","targetHints":{"allow":["GET"]}}],"collection":[{"href":"https:\/\/voysegurostore.cl\/inicio\/wp-json\/wp\/v2\/product"}],"about":[{"href":"https:\/\/voysegurostore.cl\/inicio\/wp-json\/wp\/v2\/types\/product"}],"replies":[{"embeddable":true,"href":"https:\/\/voysegurostore.cl\/inicio\/wp-json\/wp\/v2\/comments?post=470"}],"wp:featuredmedia":[{"embeddable":true,"href":"https:\/\/voysegurostore.cl\/inicio\/wp-json\/wp\/v2\/media\/471"}],"wp:attachment":[{"href":"https:\/\/voysegurostore.cl\/inicio\/wp-json\/wp\/v2\/media?parent=470"}],"wp:term":[{"taxonomy":"product_cat","embeddable":true,"href":"https:\/\/voysegurostore.cl\/inicio\/wp-json\/wp\/v2\/product_cat?post=470"},{"taxonomy":"product_tag","embeddable":true,"href":"https:\/\/voysegurostore.cl\/inicio\/wp-json\/wp\/v2\/product_tag?post=470"}],"curies":[{"name":"wp","href":"https:\/\/api.w.org\/{rel}","templated":true}]}}