{"id":452,"date":"2022-10-10T01:55:25","date_gmt":"2022-10-10T01:55:25","guid":{"rendered":"https:\/\/voysegurostore.cl\/inicio\/?post_type=product&#038;p=452"},"modified":"2023-01-16T01:30:42","modified_gmt":"2023-01-16T01:30:42","slug":"histoviales","status":"publish","type":"product","link":"https:\/\/voysegurostore.cl\/inicio\/product\/histoviales\/","title":{"rendered":"Hitosviales"},"content":{"rendered":"<p>Normativa: NCh 2032\/2, seg\u00fan Manual de carreteras, Volumen 4 versi\u00f3n 2013, Elemento de contenci\u00f3n lateral para autopistas y\/o diferentes rutas, con postes cada 2 metros<\/p>\n<p><img loading=\"lazy\" decoding=\"async\" class=\"size-medium wp-image-456 aligncenter\" src=\"https:\/\/voysegurostore.cl\/inicio\/wp-content\/uploads\/2022\/10\/hito1-800x345.png\" alt=\"\" width=\"800\" height=\"345\" srcset=\"https:\/\/voysegurostore.cl\/inicio\/wp-content\/uploads\/2022\/10\/hito1-800x345.png 800w, https:\/\/voysegurostore.cl\/inicio\/wp-content\/uploads\/2022\/10\/hito1-768x332.png 768w, https:\/\/voysegurostore.cl\/inicio\/wp-content\/uploads\/2022\/10\/hito1-600x259.png 600w, https:\/\/voysegurostore.cl\/inicio\/wp-content\/uploads\/2022\/10\/hito1.png 1100w\" sizes=\"auto, (max-width: 800px) 100vw, 800px\" \/> <img loading=\"lazy\" decoding=\"async\" class=\"size-medium wp-image-457 aligncenter\" src=\"https:\/\/voysegurostore.cl\/inicio\/wp-content\/uploads\/2022\/10\/hito2-800x337.png\" alt=\"\" width=\"800\" height=\"337\" srcset=\"https:\/\/voysegurostore.cl\/inicio\/wp-content\/uploads\/2022\/10\/hito2-800x337.png 800w, https:\/\/voysegurostore.cl\/inicio\/wp-content\/uploads\/2022\/10\/hito2-768x323.png 768w, https:\/\/voysegurostore.cl\/inicio\/wp-content\/uploads\/2022\/10\/hito2-600x253.png 600w, https:\/\/voysegurostore.cl\/inicio\/wp-content\/uploads\/2022\/10\/hito2.png 1078w\" sizes=\"auto, (max-width: 800px) 100vw, 800px\" \/><\/p>\n","protected":false},"excerpt":{"rendered":"<p>Normativa: NCh 2032\/2, seg\u00fan Manual de carreteras, Volumen 4 versi\u00f3n 2013, Elemento de contenci\u00f3n lateral para autopistas y\/o diferentes rutas, con postes cada 2 metros<\/p>\n<a rel=\"noopener noreferrer\" href=\"https:\/\/voysegurostore.cl\/inicio\/wp-content\/uploads\/2023\/01\/Catalogo-Seguridad-Vial.pdf\" target=\"_blank\" class=\"button primary is-primary is-small\"  >\n    <span>Descargar Ficha T\u00e9cnica<\/span>\n  <\/a>\n\n<p><img loading=\"lazy\" decoding=\"async\" class=\"wp-image-328 alignleft\" src=\"https:\/\/voysegurostore.cl\/inicio\/wp-content\/uploads\/2022\/10\/logovoysegurologo-394x400.png\" alt=\"\" width=\"232\" height=\"235\" srcset=\"https:\/\/voysegurostore.cl\/inicio\/wp-content\/uploads\/2022\/10\/logovoysegurologo-394x400.png 394w, https:\/\/voysegurostore.cl\/inicio\/wp-content\/uploads\/2022\/10\/logovoysegurologo-600x609.png 600w, https:\/\/voysegurostore.cl\/inicio\/wp-content\/uploads\/2022\/10\/logovoysegurologo-100x100.png 100w, https:\/\/voysegurostore.cl\/inicio\/wp-content\/uploads\/2022\/10\/logovoysegurologo.png 745w\" sizes=\"auto, (max-width: 232px) 100vw, 232px\" \/><\/p>\n","protected":false},"featured_media":453,"comment_status":"open","ping_status":"closed","template":"","meta":{"_joinchat":[]},"product_cat":[96,88],"product_tag":[94,92,93,91,74,72,73],"class_list":["post-452","product","type-product","status-publish","has-post-thumbnail","hentry","product_cat-hitosviales","product_cat-seguridad-vial","product_tag-argolla-conectora","product_tag-cinta","product_tag-cinta-retractil","product_tag-conector","product_tag-conos","product_tag-seguridad","product_tag-senaletica"],"_links":{"self":[{"href":"https:\/\/voysegurostore.cl\/inicio\/wp-json\/wp\/v2\/product\/452","targetHints":{"allow":["GET"]}}],"collection":[{"href":"https:\/\/voysegurostore.cl\/inicio\/wp-json\/wp\/v2\/product"}],"about":[{"href":"https:\/\/voysegurostore.cl\/inicio\/wp-json\/wp\/v2\/types\/product"}],"replies":[{"embeddable":true,"href":"https:\/\/voysegurostore.cl\/inicio\/wp-json\/wp\/v2\/comments?post=452"}],"wp:featuredmedia":[{"embeddable":true,"href":"https:\/\/voysegurostore.cl\/inicio\/wp-json\/wp\/v2\/media\/453"}],"wp:attachment":[{"href":"https:\/\/voysegurostore.cl\/inicio\/wp-json\/wp\/v2\/media?parent=452"}],"wp:term":[{"taxonomy":"product_cat","embeddable":true,"href":"https:\/\/voysegurostore.cl\/inicio\/wp-json\/wp\/v2\/product_cat?post=452"},{"taxonomy":"product_tag","embeddable":true,"href":"https:\/\/voysegurostore.cl\/inicio\/wp-json\/wp\/v2\/product_tag?post=452"}],"curies":[{"name":"wp","href":"https:\/\/api.w.org\/{rel}","templated":true}]}}