{"id":425,"date":"2022-10-09T23:26:16","date_gmt":"2022-10-09T23:26:16","guid":{"rendered":"https:\/\/voysegurostore.cl\/inicio\/?post_type=product&#038;p=425"},"modified":"2023-01-16T01:24:46","modified_gmt":"2023-01-16T01:24:46","slug":"conos-base-pesada","status":"publish","type":"product","link":"https:\/\/voysegurostore.cl\/inicio\/product\/conos-base-pesada\/","title":{"rendered":"Conos Base Pesada"},"content":{"rendered":"<p><span style=\"color: #000000;\"><strong>Usos Y Beneficios:<\/strong><\/span><\/p>\n<p><span style=\"color: #000000;\">Los conos de se\u00f1alizaci\u00f3n vial se usan en zonas de tr\u00e1nsito vehicular y peatonal,\u00a0permitiendo demarcar de buena forma zonas para el correcto uso de las mismas.<\/span><\/p>\n<p><span style=\"color: #000000;\">Su color y sus cintas reflectantes entregan alta visibilidad al momento de tener que\u00a0hacer demarcaciones.<\/span><\/p>\n<p><span style=\"color: #000000;\">Se utilizan en carreteras, condominios, establecimientos educacionales,\u00a0estacionamiento y cualquier lugar de confluencia masiva.<\/span><\/p>\n<p><img loading=\"lazy\" decoding=\"async\" class=\"size-full wp-image-428 aligncenter\" src=\"https:\/\/voysegurostore.cl\/inicio\/wp-content\/uploads\/2022\/10\/conos-base-pesada-tamanos.png\" alt=\"\" width=\"750\" height=\"192\" srcset=\"https:\/\/voysegurostore.cl\/inicio\/wp-content\/uploads\/2022\/10\/conos-base-pesada-tamanos.png 750w, https:\/\/voysegurostore.cl\/inicio\/wp-content\/uploads\/2022\/10\/conos-base-pesada-tamanos-600x154.png 600w\" sizes=\"auto, (max-width: 750px) 100vw, 750px\" \/><\/p>\n<p>&nbsp;<\/p>\n","protected":false},"excerpt":{"rendered":"<p><span style=\"color: #000000;\">Los conos de se\u00f1alizaci\u00f3n vial se usan en zonas de tr\u00e1nsito vehicular y peatonal,\u00a0permitiendo demarcar de buena forma zonas para el correcto uso de las mismas.<\/span><\/p>\n<a rel=\"noopener noreferrer\" href=\"https:\/\/voysegurostore.cl\/inicio\/wp-content\/uploads\/2023\/01\/Catalogo-Seguridad-Vial.pdf\" target=\"_blank\" class=\"button primary is-primary is-small\"  >\n    <span>Descargar Ficha T\u00e9cnica<\/span>\n  <\/a>\n\n<p><img loading=\"lazy\" decoding=\"async\" class=\"wp-image-328 alignleft\" src=\"https:\/\/voysegurostore.cl\/inicio\/wp-content\/uploads\/2022\/10\/logovoysegurologo-394x400.png\" alt=\"\" width=\"232\" height=\"235\" srcset=\"https:\/\/voysegurostore.cl\/inicio\/wp-content\/uploads\/2022\/10\/logovoysegurologo-394x400.png 394w, https:\/\/voysegurostore.cl\/inicio\/wp-content\/uploads\/2022\/10\/logovoysegurologo-600x609.png 600w, https:\/\/voysegurostore.cl\/inicio\/wp-content\/uploads\/2022\/10\/logovoysegurologo-100x100.png 100w, https:\/\/voysegurostore.cl\/inicio\/wp-content\/uploads\/2022\/10\/logovoysegurologo.png 745w\" sizes=\"auto, (max-width: 232px) 100vw, 232px\" \/><\/p>\n","protected":false},"featured_media":426,"comment_status":"open","ping_status":"closed","template":"","meta":{"_joinchat":[]},"product_cat":[88,71],"product_tag":[74,72,73],"class_list":["post-425","product","type-product","status-publish","has-post-thumbnail","hentry","product_cat-seguridad-vial","product_cat-canalizacion-vial","product_tag-conos","product_tag-seguridad","product_tag-senaletica"],"_links":{"self":[{"href":"https:\/\/voysegurostore.cl\/inicio\/wp-json\/wp\/v2\/product\/425","targetHints":{"allow":["GET"]}}],"collection":[{"href":"https:\/\/voysegurostore.cl\/inicio\/wp-json\/wp\/v2\/product"}],"about":[{"href":"https:\/\/voysegurostore.cl\/inicio\/wp-json\/wp\/v2\/types\/product"}],"replies":[{"embeddable":true,"href":"https:\/\/voysegurostore.cl\/inicio\/wp-json\/wp\/v2\/comments?post=425"}],"wp:featuredmedia":[{"embeddable":true,"href":"https:\/\/voysegurostore.cl\/inicio\/wp-json\/wp\/v2\/media\/426"}],"wp:attachment":[{"href":"https:\/\/voysegurostore.cl\/inicio\/wp-json\/wp\/v2\/media?parent=425"}],"wp:term":[{"taxonomy":"product_cat","embeddable":true,"href":"https:\/\/voysegurostore.cl\/inicio\/wp-json\/wp\/v2\/product_cat?post=425"},{"taxonomy":"product_tag","embeddable":true,"href":"https:\/\/voysegurostore.cl\/inicio\/wp-json\/wp\/v2\/product_tag?post=425"}],"curies":[{"name":"wp","href":"https:\/\/api.w.org\/{rel}","templated":true}]}}