{"id":393,"date":"2022-10-05T03:23:07","date_gmt":"2022-10-05T03:23:07","guid":{"rendered":"https:\/\/voysegurostore.cl\/inicio\/?post_type=product&#038;p=393"},"modified":"2022-10-05T03:26:18","modified_gmt":"2022-10-05T03:26:18","slug":"respirador-full-face-m-2100","status":"publish","type":"product","link":"https:\/\/voysegurostore.cl\/inicio\/product\/respirador-full-face-m-2100\/","title":{"rendered":"Respirador Full Face M 2100"},"content":{"rendered":"<div class=\"page\" title=\"Page 1\">\n<div class=\"section\">\n<div class=\"layoutArea\">\n<div class=\"column\">\n<p>Respirador de rostro completo, sellado facial externo en TPE, arn\u00e9s con seis bandas de ajuste r\u00e1pido y visor panor\u00e1mico en policarbonato. El buconasal interno est\u00e1 equipado con 2 v\u00e1lvulas de inhalaci\u00f3n, para reducir el empa\u00f1amiento. Conexi\u00f3n bayoneta para uso con \u00a02 filtros l\u00ednea 500. Certificaci\u00f3n CE.<\/p>\n<p>&nbsp;<\/p>\n<\/div>\n<\/div>\n<\/div>\n<\/div>\n<p><b>MANTENCI\u00d3N<\/b><\/p>\n<div class=\"page\" title=\"Page 2\">\n<div class=\"section\">\n<div class=\"layoutArea\">\n<div class=\"column\">\n<div class=\"page\" title=\"Page 3\">\n<div class=\"section\">\n<div class=\"layoutArea\">\n<div class=\"column\">\n<p>A diario inspeccione visualmente su respirador y verifique que tanto la va\u0301lvula de exhalacio\u0301n como las de inhalacio\u0301n este\u0301n presentes. Inspeccione, adema\u0301s, que ninguna de las piezas tenga algu\u0301n dan\u0303o.<\/p>\n<p>Mientras no este\u0301 siendo usado, se debe almacenar en su bolsa de empaque, retirando previamente sus filtros.Todas sus piezas, excepto las bandas ela\u0301sticas, pueden ser lavadas con un detergente suave y agua tibia (40 a 50oC).<\/p>\n<p>&nbsp;<\/p>\n<\/div>\n<p><b>CERTIFICACI\u00d3N<\/b><\/p>\n<\/div>\n<\/div>\n<p>Este respirador, cuenta con aprobaci\u00f3n europea cumpliendo con todos los requerimientos de la Norma UNE EN 136:1998 \u201cEquipos de<br \/>\nprotecci\u00f3n respiratoria. M\u00e1scaras completas. Requisitos, ensayos, marcado\u201d.<br \/>\nLos respiradores marca \u00abMasprot\u00bb se han presentado al Organismo de Control Notificado No 0159 CENTRO NACIONAL DE MEDIOS DE<br \/>\nPROTECCION &#8211; 41007 Sevilla \u2013 Espa\u00f1a.<\/p>\n<p>&nbsp;<\/p>\n<\/div>\n<p><b>ALGUNAS LIMITACIONES<\/b><\/p>\n<\/div>\n<p>&#8211; Este respirador no suministra ox\u00edgeno (O2), y se debe de utilizar en una atm\u00f3sfera de trabajo ventilada, donde la cantidad de ox\u00edgeno<br \/>\nsea superior o igual al 19,5% en volumen.<br \/>\n&#8211; Se elegir\u00e1 el tipo de filtro id\u00f3neo seg\u00fan la concentraci\u00f3n y el tipo de contaminante en cada caso.<br \/>\n&#8211; Se deber\u00e1n montar dos filtros en cada respirador.<br \/>\n&#8211; No se emplear\u00e1 en ning\u00fan caso para la protecci\u00f3n contra Mon\u00f3xido de Carbono.<br \/>\n&#8211; El respirador no debe ser modificado ni alterado.<br \/>\n&#8211; Este respirador con filtros no se podr\u00e1 utilizar en contenedores, pozos, alcantarillas o lugares cerrados sin ventilaci\u00f3n.<br \/>\n&#8211; Se deber\u00e1 eliminar la barba o cualquier otro elemento en la cara del usuario que dificulte la perfecta hermeticidad con el respirador.<br \/>\n&#8211; Se deber\u00e1 abandonar la zona de trabajo en caso de que el equipo respiratorio se haya da\u00f1ado, si se tiene dificultad al respirar y\/o si se<br \/>\nsiente malestar o mareos.<\/p>\n<p><b>CARACTERISTICAS<\/b><\/p>\n<div class=\"column\">\n<div class=\"page\" title=\"Page 3\">\n<ul>\n<li>Permite la conexi\u00f3n r\u00e1pida y f\u00e1cil de los filtros<\/li>\n<li>Hecho de goma anti-al\u00e9rgica.<\/li>\n<li>Visor de policarbonato.<\/li>\n<li>Arn\u00e9s de caucho EPDM con 5 bandas de ajuste r\u00e1pido.<\/li>\n<li>Alta durabilidad y resistencia al calor.<\/li>\n<li>Banda de goma de repuesto y el ajuste de la v\u00e1lvula para el usuario.<\/li>\n<li>V\u00e1lvulas de inhalaci\u00f3n y exhalaci\u00f3n extra delgadas, proporcionan f\u00e1cil respiraci\u00f3n.<\/li>\n<li>Una gama completa de filtros individuales y mixtos contra todo tipo de part\u00edculas y contaminantes qu\u00edmicos.<\/li>\n<\/ul>\n<\/div>\n<\/div>\n<\/div>\n<\/div>\n<\/div>\n","protected":false},"excerpt":{"rendered":"<p>Respirador de rostro completo, sellado facial externo en TPE, arn\u00e9s con seis bandas de ajuste r\u00e1pido y visor panor\u00e1mico en policarbonato. El buconasal interno est\u00e1 equipado con 2 v\u00e1lvulas de inhalaci\u00f3n, para reducir el empa\u00f1amiento. Conexi\u00f3n bayoneta para uso con \u00a02 filtros l\u00ednea 500. Certificaci\u00f3n CE.<\/p>\n<p>&nbsp;<\/p>\n<p><img loading=\"lazy\" decoding=\"async\" class=\"wp-image-328 aligncenter\" src=\"https:\/\/voysegurostore.cl\/inicio\/wp-content\/uploads\/2022\/10\/logovoysegurologo-394x400.png\" alt=\"\" width=\"232\" height=\"235\" srcset=\"https:\/\/voysegurostore.cl\/inicio\/wp-content\/uploads\/2022\/10\/logovoysegurologo-394x400.png 394w, https:\/\/voysegurostore.cl\/inicio\/wp-content\/uploads\/2022\/10\/logovoysegurologo-600x609.png 600w, https:\/\/voysegurostore.cl\/inicio\/wp-content\/uploads\/2022\/10\/logovoysegurologo-100x100.png 100w, https:\/\/voysegurostore.cl\/inicio\/wp-content\/uploads\/2022\/10\/logovoysegurologo.png 745w\" sizes=\"auto, (max-width: 232px) 100vw, 232px\" \/><\/p>\n<p>&nbsp;<\/p>\n","protected":false},"featured_media":394,"comment_status":"open","ping_status":"closed","template":"","meta":{"_joinchat":[]},"product_cat":[78,84],"product_tag":[81,77,80,74,85,72,73,75,76],"class_list":["post-393","product","type-product","status-publish","has-post-thumbnail","hentry","product_cat-epp","product_cat-proteccion-respiratoria","product_tag-arnes","product_tag-barrera","product_tag-casco","product_tag-conos","product_tag-mascara","product_tag-seguridad","product_tag-senaletica","product_tag-tambor-vial","product_tag-vial"],"_links":{"self":[{"href":"https:\/\/voysegurostore.cl\/inicio\/wp-json\/wp\/v2\/product\/393","targetHints":{"allow":["GET"]}}],"collection":[{"href":"https:\/\/voysegurostore.cl\/inicio\/wp-json\/wp\/v2\/product"}],"about":[{"href":"https:\/\/voysegurostore.cl\/inicio\/wp-json\/wp\/v2\/types\/product"}],"replies":[{"embeddable":true,"href":"https:\/\/voysegurostore.cl\/inicio\/wp-json\/wp\/v2\/comments?post=393"}],"wp:featuredmedia":[{"embeddable":true,"href":"https:\/\/voysegurostore.cl\/inicio\/wp-json\/wp\/v2\/media\/394"}],"wp:attachment":[{"href":"https:\/\/voysegurostore.cl\/inicio\/wp-json\/wp\/v2\/media?parent=393"}],"wp:term":[{"taxonomy":"product_cat","embeddable":true,"href":"https:\/\/voysegurostore.cl\/inicio\/wp-json\/wp\/v2\/product_cat?post=393"},{"taxonomy":"product_tag","embeddable":true,"href":"https:\/\/voysegurostore.cl\/inicio\/wp-json\/wp\/v2\/product_tag?post=393"}],"curies":[{"name":"wp","href":"https:\/\/api.w.org\/{rel}","templated":true}]}}