{"id":380,"date":"2022-10-05T03:12:45","date_gmt":"2022-10-05T03:12:45","guid":{"rendered":"https:\/\/voysegurostore.cl\/inicio\/?post_type=product&#038;p=380"},"modified":"2022-10-05T03:16:12","modified_gmt":"2022-10-05T03:16:12","slug":"respirador-m500","status":"publish","type":"product","link":"https:\/\/voysegurostore.cl\/inicio\/product\/respirador-m500\/","title":{"rendered":"Respirador M500"},"content":{"rendered":"<div class=\"page\" title=\"Page 1\">\n<div class=\"section\">\n<div class=\"layoutArea\">\n<div class=\"column\">\n<p>Respirador de dos v\u00edas, diel\u00e9ctrico, fabricado en Dryflex, hipoalerg\u00e9nico, con arn\u00e9s de cabeza y banda de ajuste el\u00e1stica con doble regulaci\u00f3n y sistema EasyDown. Tama\u00f1os S\/M, M\/L, L\/XL. Certificado NIOSH.<\/p>\n<p>&nbsp;<\/p>\n<div class=\"page\" title=\"Page 2\">\n<div class=\"section\">\n<div class=\"layoutArea\">\n<div class=\"column\">\n<p><b>APROBACI\u00d3N<\/b><\/p>\n<div class=\"page\" title=\"Page 2\">\n<div class=\"section\">\n<div class=\"layoutArea\">\n<div class=\"column\">\n<p>Este respirador, en todos sus taman\u0303os, cuenta con aprobacio\u0301n europea cumpliendo con todos los requerimientos de la Norma UNE EN 140: 1999 \u201cEquipos de proteccio\u0301n respiratoria. Medias ma\u0301scaras y cuartos de ma\u0301scara. Requisitos, ensayos, marcado\u201d.<\/p>\n<\/div>\n<\/div>\n<\/div>\n<\/div>\n<\/div>\n<\/div>\n<\/div>\n<\/div>\n<div class=\"page\" title=\"Page 2\">\n<div class=\"section\">\n<div class=\"layoutArea\">\n<div class=\"column\">\n<p>&nbsp;<\/p>\n<\/div>\n<\/div>\n<\/div>\n<\/div>\n<\/div>\n<\/div>\n<\/div>\n<\/div>\n<p><b>MANTENCI\u00d3N<\/b><\/p>\n<div class=\"page\" title=\"Page 2\">\n<div class=\"section\">\n<div class=\"layoutArea\">\n<div class=\"column\">\n<div class=\"page\" title=\"Page 3\">\n<div class=\"section\">\n<div class=\"layoutArea\">\n<div class=\"column\">\n<p>A diario inspeccione visualmente su respirador y verifique que tanto la va\u0301lvula de exhalacio\u0301n como las de inhalacio\u0301n este\u0301n presentes. Inspeccione, adema\u0301s, que ninguna de las piezas tenga algu\u0301n dan\u0303o.<\/p>\n<p>Mientras no este\u0301 siendo usado, se debe almacenar en su bolsa de empaque, retirando previamente sus filtros.Todas sus piezas, excepto las bandas ela\u0301sticas, pueden ser lavadas con un detergente suave y agua tibia (40 a 50oC).<\/p>\n<\/div>\n<\/div>\n<\/div>\n<p>&nbsp;<\/p>\n<p><b>ALGUNAS LIMITACIONES<\/b><\/p>\n<div class=\"page\" title=\"Page 3\">\n<div class=\"section\">\n<div class=\"layoutArea\">\n<div class=\"column\">\n<ul>\n<li>\u00a0Este respirador no suministra oxi\u0301geno (O2), y se debe de utilizar en una atmo\u0301sfera de trabajo ventilada, donde la cantidad de oxi\u0301geno sea superior o igual al 19,5% en volumen.<\/li>\n<li>Se elegira\u0301 el tipo de filtro ido\u0301neo segu\u0301n la concentracio\u0301n y el tipo de contaminante en cada caso.<\/li>\n<li>Se debera\u0301n montar dos filtros en cada respirador.<\/li>\n<li>No se empleara\u0301 en ningu\u0301n caso para la proteccio\u0301n contra Mono\u0301xido de Carbono.<\/li>\n<li>El respirador no debe ser modificado ni alterado.<\/li>\n<li>Este respirador con filtros no se podra\u0301 utilizar en contenedores, pozos, alcantarillas o lugares cerrados sin ventilacio\u0301n.<\/li>\n<li>Se debera\u0301 eliminar la barba o cualquier otro elemento en la cara del usuario que dificulte la perfecta hermeticidad con el\u00a0respirador.<\/li>\n<li>Se debera\u0301 abandonar la zona de trabajo en caso de que el equipo respiratorio se haya dan\u0303ado, si se tiene dificultad al\u00a0respirar y\/o si se siente malestar o mareos.<\/li>\n<\/ul>\n<\/div>\n<\/div>\n<\/div>\n<\/div>\n<\/div>\n<\/div>\n<\/div>\n<p>&nbsp;<\/p>\n<\/div>\n<\/div>\n<div class=\"page\" title=\"Page 1\">\n<div class=\"layoutArea\">\n<div class=\"column\">\n<div class=\"page\" title=\"Page 1\">\n<div class=\"layoutArea\">\n<div class=\"column\">\n<ul>\n<li>Permite una conexi\u00f3n f\u00e1cil y r\u00e1pida de los filtros debido su sistema de\u00a0bayoneta.<\/li>\n<li>Fabricado en elast\u00f3mero termopl\u00e1stico (TPE), ofreciendo una\u00a0comodidad superior manteniendo el excelente sello facial.<\/li>\n<li>Extra liviano fabricado en tama\u00f1os S\/M, M\/L y L\/XL.<\/li>\n<li>De gran durabilidad y resistencia al calor. No posee partes met\u00e1licas.<\/li>\n<li>Ajuste al rostro mediante arn\u00e9s de cabeza y banda el\u00e1stica que permite\u00a0el descanso del respirador sobre el pecho, protegido del medio\u00a0ambiente. El cabezal fabricado en cinta poli\u00e9ster otorga una absoluta\u00a0comodidad al momento de posicionarlo en el cuello.<\/li>\n<li>Repuestos de banda el\u00e1stica y set de v\u00e1lvulas a disposici\u00f3n del usuario.<\/li>\n<li>V\u00e1lvulas de inhalaci\u00f3n y exhalaci\u00f3n extra delgadas proporcionando una\u00a0mejor y f\u00e1cil respiraci\u00f3n.<\/li>\n<li>Respirador de dos v\u00edas que cuenta con una completa gama de filtros\u00a0sencillos y mixtos, contra todo tipo de particulados y contaminantes\u00a0qu\u00edmicos.<\/li>\n<\/ul>\n<\/div>\n<\/div>\n<\/div>\n<\/div>\n<\/div>\n<\/div>\n","protected":false},"excerpt":{"rendered":"<p>Respirador de dos v\u00edas, diel\u00e9ctrico, fabricado en Dryflex, hipoalerg\u00e9nico, con arn\u00e9s de cabeza y banda de ajuste el\u00e1stica con doble regulaci\u00f3n y sistema EasyDown. Tama\u00f1os S\/M, M\/L, L\/XL. Certificado NIOSH.<\/p>\n<p>&nbsp;<\/p>\n<p><img loading=\"lazy\" decoding=\"async\" class=\"wp-image-328 aligncenter\" src=\"https:\/\/voysegurostore.cl\/inicio\/wp-content\/uploads\/2022\/10\/logovoysegurologo-394x400.png\" alt=\"\" width=\"232\" height=\"235\" srcset=\"https:\/\/voysegurostore.cl\/inicio\/wp-content\/uploads\/2022\/10\/logovoysegurologo-394x400.png 394w, https:\/\/voysegurostore.cl\/inicio\/wp-content\/uploads\/2022\/10\/logovoysegurologo-600x609.png 600w, https:\/\/voysegurostore.cl\/inicio\/wp-content\/uploads\/2022\/10\/logovoysegurologo-100x100.png 100w, https:\/\/voysegurostore.cl\/inicio\/wp-content\/uploads\/2022\/10\/logovoysegurologo.png 745w\" sizes=\"auto, (max-width: 232px) 100vw, 232px\" \/><\/p>\n<p>&nbsp;<\/p>\n","protected":false},"featured_media":382,"comment_status":"open","ping_status":"closed","template":"","meta":{"_joinchat":[]},"product_cat":[78,84],"product_tag":[81,77,80,74,85,72,73,75,76],"class_list":["post-380","product","type-product","status-publish","has-post-thumbnail","hentry","product_cat-epp","product_cat-proteccion-respiratoria","product_tag-arnes","product_tag-barrera","product_tag-casco","product_tag-conos","product_tag-mascara","product_tag-seguridad","product_tag-senaletica","product_tag-tambor-vial","product_tag-vial"],"_links":{"self":[{"href":"https:\/\/voysegurostore.cl\/inicio\/wp-json\/wp\/v2\/product\/380","targetHints":{"allow":["GET"]}}],"collection":[{"href":"https:\/\/voysegurostore.cl\/inicio\/wp-json\/wp\/v2\/product"}],"about":[{"href":"https:\/\/voysegurostore.cl\/inicio\/wp-json\/wp\/v2\/types\/product"}],"replies":[{"embeddable":true,"href":"https:\/\/voysegurostore.cl\/inicio\/wp-json\/wp\/v2\/comments?post=380"}],"wp:featuredmedia":[{"embeddable":true,"href":"https:\/\/voysegurostore.cl\/inicio\/wp-json\/wp\/v2\/media\/382"}],"wp:attachment":[{"href":"https:\/\/voysegurostore.cl\/inicio\/wp-json\/wp\/v2\/media?parent=380"}],"wp:term":[{"taxonomy":"product_cat","embeddable":true,"href":"https:\/\/voysegurostore.cl\/inicio\/wp-json\/wp\/v2\/product_cat?post=380"},{"taxonomy":"product_tag","embeddable":true,"href":"https:\/\/voysegurostore.cl\/inicio\/wp-json\/wp\/v2\/product_tag?post=380"}],"curies":[{"name":"wp","href":"https:\/\/api.w.org\/{rel}","templated":true}]}}