{"id":378,"date":"2022-10-05T03:11:06","date_gmt":"2022-10-05T03:11:06","guid":{"rendered":"https:\/\/voysegurostore.cl\/inicio\/?post_type=product&#038;p=378"},"modified":"2022-10-05T03:12:17","modified_gmt":"2022-10-05T03:12:17","slug":"fonos-mpa-101-c","status":"publish","type":"product","link":"https:\/\/voysegurostore.cl\/inicio\/product\/fonos-mpa-101-c\/","title":{"rendered":"Fonos MPA 101 C"},"content":{"rendered":"<div class=\"page\" title=\"Page 1\">\n<div class=\"section\">\n<div class=\"layoutArea\">\n<div class=\"column\">\n<p>Protector auditivo tipo fono, adosable a casco,diel\u00e9ctrico,NRR 22 dB (A) Certificado ANSI S3.19.Fabricado en Poliacetal, copas sin perforaci\u00f3n.Almohadillas recambiables de f\u00e1cil montaje.<\/p>\n<p>&nbsp;<\/p>\n<div class=\"page\" title=\"Page 2\">\n<div class=\"section\">\n<div class=\"layoutArea\">\n<div class=\"column\">\n<p><b>APROBACI\u00d3N<\/b><\/p>\n<p>Este protector auditivo cumple con los requisitos del Directiva europeo 89\/686\/CEE anexo II por significados de normas Europea EN352-1: 2002 \u201coi\u0301do protectores &#8211; pruebas y requisitos de seguridad &#8211; parte 1: orejeras \u201cy EN352-3: 2002, \u201cAudi\u0301fonos acoplados a cascos de proteccio\u0301n\u201d.<br \/>\nProtectores auditivos certificados bajo CE MARK ESTABLECIDO POR EL ORGANISMO NOTIFICADO 0194 INSPEC international Ltd. 56 Leslie Hough Way, Salford, Gran Manchester, M6 6AJ, Reino Unido.<\/p>\n<\/div>\n<\/div>\n<\/div>\n<\/div>\n<div class=\"page\" title=\"Page 2\">\n<div class=\"section\">\n<div class=\"layoutArea\">\n<div class=\"column\">\n<p>&nbsp;<\/p>\n<\/div>\n<\/div>\n<\/div>\n<\/div>\n<\/div>\n<\/div>\n<\/div>\n<\/div>\n<p><b>MANTENCI\u00d3N<\/b><\/p>\n<div class=\"page\" title=\"Page 2\">\n<div class=\"section\">\n<div class=\"layoutArea\">\n<div class=\"column\">\n<p>Retire la almohadilla y la esponja interior y lave cada una de las partes pla\u0301sticas so\u0301lo con agua y jabo\u0301n; La almohadilla se debe limpiar so\u0301lo con pan\u0303o hu\u0301medo; La espuma interior se debe sacudir y soplar; No use alcohol, solventes ni abrasivos; Mientras no este\u0301 siendo usado, guardar en su empaque.<\/p>\n<p>&nbsp;<\/p>\n<\/div>\n<\/div>\n<\/div>\n<\/div>\n<div class=\"page\" title=\"Page 1\">\n<div class=\"layoutArea\">\n<div class=\"column\">\n<div class=\"page\" title=\"Page 1\">\n<div class=\"layoutArea\">\n<div class=\"column\">\n<ul>\n<li>Este protector auditivo es para ser usado con cascos de seguridad.<\/li>\n<li>Posee un excelente ajuste y comodidad gracias a sus orejeras multiposici\u00f3n.<\/li>\n<li>Los materiales utilizados son del tipo hipoalerg\u00e9nico.<\/li>\n<li>Se encuentran disponibles como repuesto las Almohadillas y Espuma interior de la copa.<\/li>\n<\/ul>\n<\/div>\n<\/div>\n<\/div>\n<\/div>\n<\/div>\n<\/div>\n","protected":false},"excerpt":{"rendered":"<p>Protector auditivo tipo fono, adosable a casco,diel\u00e9ctrico,NRR 22 dB (A) Certificado ANSI S3.19.Fabricado en Poliacetal, copas sin perforaci\u00f3n.Almohadillas recambiables de f\u00e1cil montaje.<\/p>\n<ul>\n<li>Este protector auditivo es para ser usado con cascos de seguridad.<\/li>\n<li>Posee un excelente ajuste y comodidad gracias a sus orejeras multiposici\u00f3n.<\/li>\n<li>Los materiales utilizados son del tipo hipoalerg\u00e9nico.<\/li>\n<li>Se encuentran disponibles como repuesto las Almohadillas y Espuma interior de la copa.<\/li>\n<\/ul>\n<p>&nbsp;<\/p>\n<p><img loading=\"lazy\" decoding=\"async\" class=\"wp-image-328 aligncenter\" src=\"https:\/\/voysegurostore.cl\/inicio\/wp-content\/uploads\/2022\/10\/logovoysegurologo-394x400.png\" alt=\"\" width=\"232\" height=\"235\" srcset=\"https:\/\/voysegurostore.cl\/inicio\/wp-content\/uploads\/2022\/10\/logovoysegurologo-394x400.png 394w, https:\/\/voysegurostore.cl\/inicio\/wp-content\/uploads\/2022\/10\/logovoysegurologo-600x609.png 600w, https:\/\/voysegurostore.cl\/inicio\/wp-content\/uploads\/2022\/10\/logovoysegurologo-100x100.png 100w, https:\/\/voysegurostore.cl\/inicio\/wp-content\/uploads\/2022\/10\/logovoysegurologo.png 745w\" sizes=\"auto, (max-width: 232px) 100vw, 232px\" \/><\/p>\n<p>&nbsp;<\/p>\n","protected":false},"featured_media":379,"comment_status":"open","ping_status":"closed","template":"","meta":{"_joinchat":[]},"product_cat":[78,83],"product_tag":[81,77,80,74,72,73,75,76],"class_list":["post-378","product","type-product","status-publish","has-post-thumbnail","hentry","product_cat-epp","product_cat-proteccion-auditiva","product_tag-arnes","product_tag-barrera","product_tag-casco","product_tag-conos","product_tag-seguridad","product_tag-senaletica","product_tag-tambor-vial","product_tag-vial"],"_links":{"self":[{"href":"https:\/\/voysegurostore.cl\/inicio\/wp-json\/wp\/v2\/product\/378","targetHints":{"allow":["GET"]}}],"collection":[{"href":"https:\/\/voysegurostore.cl\/inicio\/wp-json\/wp\/v2\/product"}],"about":[{"href":"https:\/\/voysegurostore.cl\/inicio\/wp-json\/wp\/v2\/types\/product"}],"replies":[{"embeddable":true,"href":"https:\/\/voysegurostore.cl\/inicio\/wp-json\/wp\/v2\/comments?post=378"}],"wp:featuredmedia":[{"embeddable":true,"href":"https:\/\/voysegurostore.cl\/inicio\/wp-json\/wp\/v2\/media\/379"}],"wp:attachment":[{"href":"https:\/\/voysegurostore.cl\/inicio\/wp-json\/wp\/v2\/media?parent=378"}],"wp:term":[{"taxonomy":"product_cat","embeddable":true,"href":"https:\/\/voysegurostore.cl\/inicio\/wp-json\/wp\/v2\/product_cat?post=378"},{"taxonomy":"product_tag","embeddable":true,"href":"https:\/\/voysegurostore.cl\/inicio\/wp-json\/wp\/v2\/product_tag?post=378"}],"curies":[{"name":"wp","href":"https:\/\/api.w.org\/{rel}","templated":true}]}}