{"id":370,"date":"2022-10-05T02:57:30","date_gmt":"2022-10-05T02:57:30","guid":{"rendered":"https:\/\/voysegurostore.cl\/inicio\/?post_type=product&#038;p=370"},"modified":"2022-10-05T03:10:50","modified_gmt":"2022-10-05T03:10:50","slug":"fonos-mpa-103","status":"publish","type":"product","link":"https:\/\/voysegurostore.cl\/inicio\/product\/fonos-mpa-103\/","title":{"rendered":"Fonos MPA 103"},"content":{"rendered":"<div class=\"page\" title=\"Page 1\">\n<div class=\"section\">\n<div class=\"layoutArea\">\n<div class=\"column\">\n<p>Protector Auditivo dise\u00f1ado para brindar protecci\u00f3n y comodidad al usuario en lugares de trabajo donde los niveles de ruido superan los 82 dB(A).<\/p>\n<p><b>APROBACI\u00d3N<\/b><\/p>\n<p>Este protector auditivo se encuentra certificado en los Estados Unidos por Michael &amp; Associates Inc., bajo la Norma ANSI<br \/>\nS 3.19-1974.<\/p>\n<\/div>\n<\/div>\n<\/div>\n<\/div>\n<p><b>MANTENCI\u00d3N<\/b><\/p>\n<div class=\"page\" title=\"Page 2\">\n<div class=\"section\">\n<div class=\"layoutArea\">\n<div class=\"column\">\n<p>Retire la almohadilla y la esponja interior y lave cada una de las partes pla\u0301sticas so\u0301lo con agua y jabo\u0301n; La almohadilla se debe limpiar so\u0301lo con pan\u0303o hu\u0301medo; La espuma interior se debe sacudir y soplar; No use alcohol, solventes ni abrasivos; Mientras no este\u0301 siendo usado, guardar en su empaque.<\/p>\n<p>&nbsp;<\/p>\n<\/div>\n<\/div>\n<\/div>\n<\/div>\n<div class=\"page\" title=\"Page 1\">\n<div class=\"layoutArea\">\n<div class=\"column\">\n<ul>\n<li>Fono tipo cintillo<\/li>\n<li>Modelo diel\u00e9ctrico, con NRR de 28 dB<\/li>\n<li>Fabricado en Poliacetal, copas sin perforaci\u00f3n NRR 28 dB (A) Certificado ANSI S3.19<\/li>\n<li>Almohadillas recambiables de f\u00e1cil montaje. Posee un excelente ajuste y comodidad gracias a sus orejeras\u00a0multiposici\u00f3n<\/li>\n<li>Los materiales utilizados son del tipo hipoalerg\u00e9nico<\/li>\n<li>Este protector auditivo se encuentra certificado en los Estados Unidos por Michael &amp; Associates Inc., bajo la Norma ANSI S 3.19-1974.<\/li>\n<\/ul>\n<\/div>\n<\/div>\n<\/div>\n","protected":false},"excerpt":{"rendered":"<p>Protector auditivo tipo fono, con cintillo, diel\u00e9ctrico, Fabricado en Poliacetal, copas sin perforaci\u00f3n NRR 28 dB (A) Certificado ANSI S3.19. Copas sin perforaci\u00f3n. Almohadillas recambiables de f\u00e1cil montaje.<\/p>\n<ul>\n<li>Posee un excelente ajuste y comodidad gracias a sus orejeras\u00a0multiposici\u00f3n.<\/li>\n<li>Los materiales utilizados son del tipo hipoalerg\u00e9nico.<\/li>\n<li>Se encuentran disponibles como repuesto las Almohadillas y Espuma\u00a0interior de la copa.<\/li>\n<\/ul>\n<p><img loading=\"lazy\" decoding=\"async\" class=\"wp-image-328 aligncenter\" src=\"https:\/\/voysegurostore.cl\/inicio\/wp-content\/uploads\/2022\/10\/logovoysegurologo-394x400.png\" alt=\"\" width=\"232\" height=\"235\" srcset=\"https:\/\/voysegurostore.cl\/inicio\/wp-content\/uploads\/2022\/10\/logovoysegurologo-394x400.png 394w, https:\/\/voysegurostore.cl\/inicio\/wp-content\/uploads\/2022\/10\/logovoysegurologo-600x609.png 600w, https:\/\/voysegurostore.cl\/inicio\/wp-content\/uploads\/2022\/10\/logovoysegurologo-100x100.png 100w, https:\/\/voysegurostore.cl\/inicio\/wp-content\/uploads\/2022\/10\/logovoysegurologo.png 745w\" sizes=\"auto, (max-width: 232px) 100vw, 232px\" \/><\/p>\n<p>&nbsp;<\/p>\n","protected":false},"featured_media":371,"comment_status":"open","ping_status":"closed","template":"","meta":{"_joinchat":[]},"product_cat":[78,83],"product_tag":[81,77,80,74,72,73,75,76],"class_list":["post-370","product","type-product","status-publish","has-post-thumbnail","hentry","product_cat-epp","product_cat-proteccion-auditiva","product_tag-arnes","product_tag-barrera","product_tag-casco","product_tag-conos","product_tag-seguridad","product_tag-senaletica","product_tag-tambor-vial","product_tag-vial"],"_links":{"self":[{"href":"https:\/\/voysegurostore.cl\/inicio\/wp-json\/wp\/v2\/product\/370","targetHints":{"allow":["GET"]}}],"collection":[{"href":"https:\/\/voysegurostore.cl\/inicio\/wp-json\/wp\/v2\/product"}],"about":[{"href":"https:\/\/voysegurostore.cl\/inicio\/wp-json\/wp\/v2\/types\/product"}],"replies":[{"embeddable":true,"href":"https:\/\/voysegurostore.cl\/inicio\/wp-json\/wp\/v2\/comments?post=370"}],"wp:featuredmedia":[{"embeddable":true,"href":"https:\/\/voysegurostore.cl\/inicio\/wp-json\/wp\/v2\/media\/371"}],"wp:attachment":[{"href":"https:\/\/voysegurostore.cl\/inicio\/wp-json\/wp\/v2\/media?parent=370"}],"wp:term":[{"taxonomy":"product_cat","embeddable":true,"href":"https:\/\/voysegurostore.cl\/inicio\/wp-json\/wp\/v2\/product_cat?post=370"},{"taxonomy":"product_tag","embeddable":true,"href":"https:\/\/voysegurostore.cl\/inicio\/wp-json\/wp\/v2\/product_tag?post=370"}],"curies":[{"name":"wp","href":"https:\/\/api.w.org\/{rel}","templated":true}]}}