{"id":361,"date":"2022-10-05T02:29:18","date_gmt":"2022-10-05T02:29:18","guid":{"rendered":"https:\/\/voysegurostore.cl\/inicio\/?post_type=product&#038;p=361"},"modified":"2022-10-05T02:35:15","modified_gmt":"2022-10-05T02:35:15","slug":"arnes-rachet","status":"publish","type":"product","link":"https:\/\/voysegurostore.cl\/inicio\/product\/arnes-rachet\/","title":{"rendered":"Arn\u00e9s Rachet"},"content":{"rendered":"<div class=\"page\" title=\"Page 1\">\n<div class=\"section\">\n<div class=\"layoutArea\">\n<div class=\"column\">\n<p>Dise\u00f1ado para que, junto con el Casco de Seguridad, Brinden protecci\u00f3n y comodidad al usuario en su lugar de trabajo<\/p>\n<\/div>\n<\/div>\n<\/div>\n<\/div>\n<p><b>APROBACI\u00d3N<\/b><\/p>\n<p style=\"font-weight: 400;\">esta pieza no es aprobada en forma individual, sino que en conjunto con la concha. El conjunto Concha\/Arn\u00e9s (CASCO) es el que logra la certificaci\u00f3n. De acuerdo a la clasificaci\u00f3n descrita en la NCh 461-2001, los cascos Masprot se clasifican como Clase A. Esto significa que los cascos Masprot otorgan protecci\u00f3n contra impacto, penetraci\u00f3n, llama y descargas el\u00e9ctricas hasta 30.000 volts, y bajo la Norma ANSI\/SEA Z 89.1-2003 se clasifican como cascos Clase E, Tipo1<\/p>\n<p><b>MANTENCI\u00d3N<\/b><\/p>\n<div class=\"page\" title=\"Page 2\">\n<div class=\"section\">\n<div class=\"layoutArea\">\n<div class=\"column\">\n<p>Antes y despue\u0301s de cada uso, todos los componentes del casco deben ser inspeccionados ante la posibilidad de algu\u0301n dan\u0303o. Paraunamayorduracio\u0301ndelcascoesrecomendableefectuarunalimpiezaperio\u0301dicaconunjabo\u0301nneutroyaguatibia. Nunca aplicar solventes, abrasivos, a\u0301cidos, alcoholes u otro li\u0301quido nocivo.<\/p>\n<p><b>VIDA UTIL<\/b><\/p>\n<\/div>\n<div class=\"page\" title=\"Page 2\">\n<div class=\"section\">\n<div class=\"layoutArea\">\n<div class=\"column\">\n<p>Los Cascos de Seguridad no poseen vida u\u0301til determinada. Su duracio\u0301n dependera\u0301 de las condiciones de uso y trabajo. Ante cualquier indicio de golpe, rasgadura, trizadura o cualquier otro tipo de dan\u0303o, el casco debe ser inmediatamente reemplazado. Esimportanterecordarquelasuspensio\u0301nesuncomponentefundamentalenelcasco,porestemotivo cualquier dan\u0303o que sufra la suspensio\u0301n (arne\u0301s) determina su reemplazo inmediato.<\/p>\n<\/div>\n<\/div>\n<\/div>\n<\/div>\n<\/div>\n<\/div>\n<\/div>\n<p>&nbsp;<\/p>\n<ul>\n<li>Esta suspensi\u00f3n (tafilete) tipo Rachet est\u00e1 compuesta por una huincha\u00a0inyectada en polipropileno que es la que rodea la cabeza del usuario. Esta\u00a0huincha lleva una sudadera de PVC con espuma de poliuretano flexible\u00a0que est\u00e1 adherida firmemente por una costura frontal.<\/li>\n<li>Cuenta tambi\u00e9n con otras tres piezas fundamentales para el correcto y\u00a0c\u00f3modo ajuste de suspensi\u00f3n. La primera es el rachet interior el cual se\u00a0ensambla con una segunda pieza llamada rachet exterior para finalmente\u00a0insertar la tuerca rachet, con la cual el usuario podr\u00e1 ajustar la suspensi\u00f3n\u00a0a sus caracter\u00edsticas.<\/li>\n<li>Posee un sistema de suspensi\u00f3n de cinta de algod\u00f3n con poli\u00e9ster de 4\u00a0puntas, cinta que va ensamblada a las piezas mencionadas anteriormente\u00a0a trav\u00e9s de cuatro conectores.<\/li>\n<\/ul>\n","protected":false},"excerpt":{"rendered":"<ul>\n<li>Esta suspensi\u00f3n (tafilete) tipo Rachet est\u00e1 compuesta por una huincha\u00a0inyectada en polipropileno que es la que rodea la cabeza del usuario. Esta\u00a0huincha lleva una sudadera de PVC con espuma de poliuretano flexible\u00a0que est\u00e1 adherida firmemente por una costura frontal.<\/li>\n<li>Cuenta tambi\u00e9n con otras tres piezas fundamentales para el correcto y\u00a0c\u00f3modo ajuste de suspensi\u00f3n. La primera es el rachet interior el cual se\u00a0ensambla con una segunda pieza llamada rachet exterior para finalmente\u00a0insertar la tuerca rachet, con la cual el usuario podr\u00e1 ajustar la suspensi\u00f3n\u00a0a sus caracter\u00edsticas.<\/li>\n<li>Posee un sistema de suspensi\u00f3n de cinta de algod\u00f3n con poli\u00e9ster de 4\u00a0puntas, cinta que va ensamblada a las piezas mencionadas anteriormente\u00a0a trav\u00e9s de cuatro conectores.<\/li>\n<\/ul>\n<p><img loading=\"lazy\" decoding=\"async\" class=\"wp-image-328 aligncenter\" src=\"https:\/\/voysegurostore.cl\/inicio\/wp-content\/uploads\/2022\/10\/logovoysegurologo-394x400.png\" alt=\"\" width=\"232\" height=\"235\" srcset=\"https:\/\/voysegurostore.cl\/inicio\/wp-content\/uploads\/2022\/10\/logovoysegurologo-394x400.png 394w, https:\/\/voysegurostore.cl\/inicio\/wp-content\/uploads\/2022\/10\/logovoysegurologo-600x609.png 600w, https:\/\/voysegurostore.cl\/inicio\/wp-content\/uploads\/2022\/10\/logovoysegurologo-100x100.png 100w, https:\/\/voysegurostore.cl\/inicio\/wp-content\/uploads\/2022\/10\/logovoysegurologo.png 745w\" sizes=\"auto, (max-width: 232px) 100vw, 232px\" \/><\/p>\n<p>&nbsp;<\/p>\n","protected":false},"featured_media":362,"comment_status":"open","ping_status":"closed","template":"","meta":{"_joinchat":[]},"product_cat":[78,79],"product_tag":[81,77,80,74,72,73,75,76],"class_list":["post-361","product","type-product","status-publish","has-post-thumbnail","hentry","product_cat-epp","product_cat-proteccion-cabeza","product_tag-arnes","product_tag-barrera","product_tag-casco","product_tag-conos","product_tag-seguridad","product_tag-senaletica","product_tag-tambor-vial","product_tag-vial"],"_links":{"self":[{"href":"https:\/\/voysegurostore.cl\/inicio\/wp-json\/wp\/v2\/product\/361","targetHints":{"allow":["GET"]}}],"collection":[{"href":"https:\/\/voysegurostore.cl\/inicio\/wp-json\/wp\/v2\/product"}],"about":[{"href":"https:\/\/voysegurostore.cl\/inicio\/wp-json\/wp\/v2\/types\/product"}],"replies":[{"embeddable":true,"href":"https:\/\/voysegurostore.cl\/inicio\/wp-json\/wp\/v2\/comments?post=361"}],"wp:featuredmedia":[{"embeddable":true,"href":"https:\/\/voysegurostore.cl\/inicio\/wp-json\/wp\/v2\/media\/362"}],"wp:attachment":[{"href":"https:\/\/voysegurostore.cl\/inicio\/wp-json\/wp\/v2\/media?parent=361"}],"wp:term":[{"taxonomy":"product_cat","embeddable":true,"href":"https:\/\/voysegurostore.cl\/inicio\/wp-json\/wp\/v2\/product_cat?post=361"},{"taxonomy":"product_tag","embeddable":true,"href":"https:\/\/voysegurostore.cl\/inicio\/wp-json\/wp\/v2\/product_tag?post=361"}],"curies":[{"name":"wp","href":"https:\/\/api.w.org\/{rel}","templated":true}]}}