{"id":348,"date":"2022-10-05T02:18:51","date_gmt":"2022-10-05T02:18:51","guid":{"rendered":"https:\/\/voysegurostore.cl\/inicio\/?post_type=product&#038;p=348"},"modified":"2022-10-05T02:21:49","modified_gmt":"2022-10-05T02:21:49","slug":"casco-mpc-231h","status":"publish","type":"product","link":"https:\/\/voysegurostore.cl\/inicio\/product\/casco-mpc-231h\/","title":{"rendered":"Casco MPC 231H"},"content":{"rendered":"<p>Casco de Seguridad dise\u00f1ado para brindar protecci\u00f3n y comodidad al usuario en su lugar de trabajo.<\/p>\n<p><b>APROBACI\u00d3N<\/b><\/p>\n<p>De acuerdo a la clasificaci\u00f3n descrita en la NCh 461-2001, este casco se clasifica como Clase A. Esto significa que el casco Masprot otorga protecci\u00f3n contra impacto, penetraci\u00f3n, llama y descargas el\u00e9ctricas hasta 30.000 volts, y bajo la Norma ANSI\/SEA Z 89.1-2003 se clasifica como casco Clase E, Tipo 1.<\/p>\n<p><b>MANTENCI\u00d3N<\/b><\/p>\n<p>Antes y despu\u00e9s de cada uso, todos los componentes del casco deben ser inspeccionados ante la posibilidad de alg\u00fan da\u00f1o. Para una mayor duraci\u00f3n del casco es recomendable efectuar una limpieza peri\u00f3dica con un jab\u00f3n neutro y agua tibia. Nunca aplicar solventes, abrasivos, \u00e1cidos, alcoholes u otro l\u00edquido nocivo.<\/p>\n<p><b>VIDA \u00daTIL<\/b><\/p>\n<p>Los Cascos de Seguridad no poseen vida \u00fatil determinada. Su duraci\u00f3n depender\u00e1 de las condiciones de uso y trabajo. Ante cualquier indicio de golpe, rasgadura, trizadura o cualquier otro tipo de da\u00f1o, el casco debe ser inmediatamente reemplazado. Es importante recordar que la suspensi\u00f3nes un componente fundamental en el casco,porestemotivo cualquier da\u00f1o que sufra la suspensi\u00f3n (arn\u00e9s) determina su reemplazo inmediato.<\/p>\n<p>&nbsp;<\/p>\n<ul>\n<li style=\"font-weight: 400;\">Compuesto por una concha sin visera inyectada en polipropileno o polietileno de alta densidad. Posee un sistema de suspensio\u0301n de tela de algodo\u0301n con polie\u0301ster de 4 puntas. Se encuentra disponible con sistema de ajuste rachet.<\/li>\n<li style=\"font-weight: 400;\">El conjunto de estos componentes, concha y suspensio\u0301n, es lo que otorga la proteccio\u0301n adecuada al usuario en caso de golpes.<\/li>\n<li style=\"font-weight: 400;\">Cuenta con barboquejo, el cual es recomendado para trabajos en altura o de mucho movimiento.<\/li>\n<li style=\"font-weight: 400;\">La inyeccio\u0301n de la concha como una sola pieza de polipropileno o polietileno de alta densidad, provee una alta resistencia al impacto y a las descargas diele\u0301ctricas.<\/li>\n<li style=\"font-weight: 400;\">El Casco de Proteccio\u0301n Masprot modelo MPC-231H, se encuentra disponible en colores varios.<\/li>\n<\/ul>\n","protected":false},"excerpt":{"rendered":"<p>Casco MPC 231H, Clase A,(NCH461) Clase E tipo I (ANSI Z891) para trabajo en altura. Fabricado en PEAD, incluye suspensi\u00f3n regulable de tela de algod\u00f3n con polyester, banda antisudor en PU y ajuste FasTrack de cuatro puntos de apoyo y barbiquejo especial de tres puntos de apoyo con mentonera. Slot universal para inserci\u00f3n de protecci\u00f3n auditiva.<\/p>\n<p><img loading=\"lazy\" decoding=\"async\" class=\"wp-image-328 aligncenter\" src=\"https:\/\/voysegurostore.cl\/inicio\/wp-content\/uploads\/2022\/10\/logovoysegurologo-394x400.png\" alt=\"\" width=\"232\" height=\"235\" srcset=\"https:\/\/voysegurostore.cl\/inicio\/wp-content\/uploads\/2022\/10\/logovoysegurologo-394x400.png 394w, https:\/\/voysegurostore.cl\/inicio\/wp-content\/uploads\/2022\/10\/logovoysegurologo-600x609.png 600w, https:\/\/voysegurostore.cl\/inicio\/wp-content\/uploads\/2022\/10\/logovoysegurologo-100x100.png 100w, https:\/\/voysegurostore.cl\/inicio\/wp-content\/uploads\/2022\/10\/logovoysegurologo.png 745w\" sizes=\"auto, (max-width: 232px) 100vw, 232px\" \/><\/p>\n<p>&nbsp;<\/p>\n","protected":false},"featured_media":349,"comment_status":"open","ping_status":"closed","template":"","meta":{"_joinchat":[]},"product_cat":[78,79],"product_tag":[77,80,74,72,73,75,76],"class_list":["post-348","product","type-product","status-publish","has-post-thumbnail","hentry","product_cat-epp","product_cat-proteccion-cabeza","product_tag-barrera","product_tag-casco","product_tag-conos","product_tag-seguridad","product_tag-senaletica","product_tag-tambor-vial","product_tag-vial"],"_links":{"self":[{"href":"https:\/\/voysegurostore.cl\/inicio\/wp-json\/wp\/v2\/product\/348","targetHints":{"allow":["GET"]}}],"collection":[{"href":"https:\/\/voysegurostore.cl\/inicio\/wp-json\/wp\/v2\/product"}],"about":[{"href":"https:\/\/voysegurostore.cl\/inicio\/wp-json\/wp\/v2\/types\/product"}],"replies":[{"embeddable":true,"href":"https:\/\/voysegurostore.cl\/inicio\/wp-json\/wp\/v2\/comments?post=348"}],"wp:featuredmedia":[{"embeddable":true,"href":"https:\/\/voysegurostore.cl\/inicio\/wp-json\/wp\/v2\/media\/349"}],"wp:attachment":[{"href":"https:\/\/voysegurostore.cl\/inicio\/wp-json\/wp\/v2\/media?parent=348"}],"wp:term":[{"taxonomy":"product_cat","embeddable":true,"href":"https:\/\/voysegurostore.cl\/inicio\/wp-json\/wp\/v2\/product_cat?post=348"},{"taxonomy":"product_tag","embeddable":true,"href":"https:\/\/voysegurostore.cl\/inicio\/wp-json\/wp\/v2\/product_tag?post=348"}],"curies":[{"name":"wp","href":"https:\/\/api.w.org\/{rel}","templated":true}]}}