{"id":1357,"date":"2023-02-20T23:21:28","date_gmt":"2023-02-20T23:21:28","guid":{"rendered":"https:\/\/voysegurostore.cl\/inicio\/?post_type=product&#038;p=1357"},"modified":"2023-02-20T23:28:06","modified_gmt":"2023-02-20T23:28:06","slug":"poleron-hoodie-canguro-hombre","status":"publish","type":"product","link":"https:\/\/voysegurostore.cl\/inicio\/product\/poleron-hoodie-canguro-hombre\/","title":{"rendered":"POLER\u00d3N HOODIE CANGURO HOMBRE"},"content":{"rendered":"<p><strong>Tallas<\/strong><\/p>\n<p>S, M, L, XL, XXL.<\/p>\n<p>&nbsp;<\/p>\n<p><strong>DESCRIPCI\u00d3N<\/strong><\/p>\n<ul>\n<li>Poler\u00f3n dise\u00f1ado en suave franela.<\/li>\n<li>Tecnolog\u00eda Soft Comfort.<\/li>\n<li>Gorro con cord\u00f3n ajustable en terminaci\u00f3n met\u00e1lica.<\/li>\n<li>Costuras reforzadas y cinta tapa costura en escote espalda.<\/li>\n<li>Bolsillo tipo canguro.<\/li>\n<li>Terminaci\u00f3n de pu\u00f1os y ruedo con rib acanalado.<\/li>\n<li>Su dise\u00f1o en colores s\u00f3lidos nos permite bordar y estampar si lo deseas.<\/li>\n<\/ul>\n<p>&nbsp;<\/p>\n<p><strong>COMPOSICI\u00d3N<\/strong><\/p>\n<ul>\n<li>Tela: Franela<\/li>\n<li>65% poli\u00e9ster \/ 35% algod\u00f3n<\/li>\n<li>\u00b1 280 gr.<\/li>\n<li>Calce: Regular<\/li>\n<\/ul>\n<p>&nbsp;<\/p>\n<p><img loading=\"lazy\" decoding=\"async\" class=\"alignnone size-medium wp-image-1361\" src=\"https:\/\/voysegurostore.cl\/inicio\/wp-content\/uploads\/2023\/02\/Screenshot_573-800x369.png\" alt=\"\" width=\"800\" height=\"369\" srcset=\"https:\/\/voysegurostore.cl\/inicio\/wp-content\/uploads\/2023\/02\/Screenshot_573-800x369.png 800w, https:\/\/voysegurostore.cl\/inicio\/wp-content\/uploads\/2023\/02\/Screenshot_573-768x354.png 768w, https:\/\/voysegurostore.cl\/inicio\/wp-content\/uploads\/2023\/02\/Screenshot_573-600x276.png 600w, https:\/\/voysegurostore.cl\/inicio\/wp-content\/uploads\/2023\/02\/Screenshot_573.png 1068w\" sizes=\"auto, (max-width: 800px) 100vw, 800px\" \/><\/p>\n<p>&nbsp;<\/p>\n<p><img loading=\"lazy\" decoding=\"async\" class=\"alignnone size-medium wp-image-1360\" src=\"https:\/\/voysegurostore.cl\/inicio\/wp-content\/uploads\/2023\/02\/Screenshot_574-754x400.png\" alt=\"\" width=\"754\" height=\"400\" srcset=\"https:\/\/voysegurostore.cl\/inicio\/wp-content\/uploads\/2023\/02\/Screenshot_574-754x400.png 754w, https:\/\/voysegurostore.cl\/inicio\/wp-content\/uploads\/2023\/02\/Screenshot_574-768x408.png 768w, https:\/\/voysegurostore.cl\/inicio\/wp-content\/uploads\/2023\/02\/Screenshot_574-600x318.png 600w, https:\/\/voysegurostore.cl\/inicio\/wp-content\/uploads\/2023\/02\/Screenshot_574.png 833w\" sizes=\"auto, (max-width: 754px) 100vw, 754px\" \/><\/p>\n","protected":false},"excerpt":{"rendered":"<p><strong>Tallas<\/strong><\/p>\n<p>S, M, L, XL, XXL.<\/p>\n<a rel=\"noopener noreferrer\" href=\"https:\/\/voysegurostore.cl\/inicio\/wp-content\/uploads\/2023\/02\/09038-Poleron-Hoodie-Canguro.pdf\" target=\"_blank\" class=\"button primary is-primary is-small\"  >\n    <span>Descargar Ficha T\u00e9cnica<\/span>\n  <\/a>\n\n<p><img loading=\"lazy\" decoding=\"async\" class=\"wp-image-328 alignleft\" src=\"https:\/\/voysegurostore.cl\/inicio\/wp-content\/uploads\/2022\/10\/logovoysegurologo-394x400.png\" alt=\"\" width=\"232\" height=\"235\" srcset=\"https:\/\/voysegurostore.cl\/inicio\/wp-content\/uploads\/2022\/10\/logovoysegurologo-394x400.png 394w, https:\/\/voysegurostore.cl\/inicio\/wp-content\/uploads\/2022\/10\/logovoysegurologo-600x609.png 600w, https:\/\/voysegurostore.cl\/inicio\/wp-content\/uploads\/2022\/10\/logovoysegurologo-100x100.png 100w, https:\/\/voysegurostore.cl\/inicio\/wp-content\/uploads\/2022\/10\/logovoysegurologo.png 745w\" sizes=\"auto, (max-width: 232px) 100vw, 232px\" \/><\/p>\n","protected":false},"featured_media":1359,"comment_status":"open","ping_status":"closed","template":"","meta":{"_joinchat":[]},"product_cat":[182,123],"product_tag":[172,126],"class_list":["post-1357","product","type-product","status-publish","has-post-thumbnail","hentry","product_cat-poleron","product_cat-ropa-corporativa","product_tag-hombre","product_tag-ropa-corporativa"],"_links":{"self":[{"href":"https:\/\/voysegurostore.cl\/inicio\/wp-json\/wp\/v2\/product\/1357","targetHints":{"allow":["GET"]}}],"collection":[{"href":"https:\/\/voysegurostore.cl\/inicio\/wp-json\/wp\/v2\/product"}],"about":[{"href":"https:\/\/voysegurostore.cl\/inicio\/wp-json\/wp\/v2\/types\/product"}],"replies":[{"embeddable":true,"href":"https:\/\/voysegurostore.cl\/inicio\/wp-json\/wp\/v2\/comments?post=1357"}],"wp:featuredmedia":[{"embeddable":true,"href":"https:\/\/voysegurostore.cl\/inicio\/wp-json\/wp\/v2\/media\/1359"}],"wp:attachment":[{"href":"https:\/\/voysegurostore.cl\/inicio\/wp-json\/wp\/v2\/media?parent=1357"}],"wp:term":[{"taxonomy":"product_cat","embeddable":true,"href":"https:\/\/voysegurostore.cl\/inicio\/wp-json\/wp\/v2\/product_cat?post=1357"},{"taxonomy":"product_tag","embeddable":true,"href":"https:\/\/voysegurostore.cl\/inicio\/wp-json\/wp\/v2\/product_tag?post=1357"}],"curies":[{"name":"wp","href":"https:\/\/api.w.org\/{rel}","templated":true}]}}