{"id":416,"date":"2022-10-05T04:32:26","date_gmt":"2022-10-05T04:32:26","guid":{"rendered":"https:\/\/voysegurostore.cl\/inicio\/?page_id=416"},"modified":"2022-10-08T15:46:42","modified_gmt":"2022-10-08T15:46:42","slug":"nosotros","status":"publish","type":"page","link":"https:\/\/voysegurostore.cl\/inicio\/nosotros\/","title":{"rendered":"Nosotros"},"content":{"rendered":"\n<p>\u00a0<\/p>\n<p>En <strong>VOYSEGUROSTORE.CL\u00a0<\/strong>nos aseguramos que nuestros equipos brinden la seguridad y confiabilidad que nuestros usuarios necesitan. Asimismo, nos hacemos cargo de que el personal cumpla con todas las medidas de seguridad no solo en su trabajo, sino en la manipulaci\u00f3n de los equipos.<\/p>\n<p>\u00a0<\/p>\n<h2 style=\"text-align: center;\"><strong>\u00bfC\u00f3mo elegir correctamente tus EPP?<\/strong><\/h2>\n<ol>\n<li>En primer lugar, se debe elegir el equipo en base a la naturaleza y a la importancia de los riesgos y condicionamientos industriales y mineros.<\/li>\n<li>Se debe respetar las indicaciones de los fabricantes, en cuanto a instrucciones y usos.<\/li>\n<li>Se tiene que utilizar apropiadamente el equipo y con conocimiento de riesgo.<\/li>\n<li>Se tiene que mantener el equipo en buen estado.<\/li>\n<li>No olvidar realizar controles peri\u00f3dicos para que se pueda detectar suciedad, rayas y roturas.<\/li>\n<li>Se debe sustituir el equipo cuando sea preciso.<\/li>\n<\/ol>\n<p>\u00a0<\/p>\n<p style=\"text-align: center;\"><img loading=\"lazy\" decoding=\"async\" class=\"alignnone size-full wp-image-406\" src=\"https:\/\/voysegurostore.cl\/inicio\/wp-content\/uploads\/2022\/10\/Bannerepp.png\" alt=\"\" width=\"507\" height=\"320\" \/><\/p>\n<h2 style=\"text-align: center;\"><strong>\u00bfPor qu\u00e9 las EPP son fundamentales en el trabajo?<\/strong><\/h2>\n<p>1) Las <strong>EPP\u00a0<\/strong>son equipos que te protegen frente a un riesgo laboral externo y se caracterizan por tener que ser llevados o sujetados por cada trabajador. Es personal, es decir, <strong>solo protege al trabajador que lo lleva puesto en ese momento.<\/strong> Adem\u00e1s, como car\u00e1cter general, salvo algunos equipos espec\u00edficamente clasificados como \u2018\u2019de uso com\u00fan\u2019\u2019, solo pueden ser utilizados por un trabajador y no pueden compartirse.<\/p>\n<p>2) <strong>El objetivo de un EPP es el de evitar da\u00f1os a tu salud<\/strong>, ya sea en forma de accidente laboral o de enfermedad profesional; por esto es muy importante y vital en tu trabajo que uses los equipos de protecci\u00f3n que se asignen a cada tarea.<\/p>\n<p>3) Para poder comercializarse, los equipos de protecci\u00f3n personal, <strong>EPP, <\/strong>tienen que cumplir una serie de requisitos (exigencias esenciales de salud y seguridad) que garanticen la seguridad y la salud del usuario. Estas exigencias permiten clasificar los EPP en tres categor\u00edas:<\/p>\n<p>\u00a0<\/p>\n<p>3.1) Equipos destinados a proteger contra riesgos m\u00ednimos. Dentro de esta categor\u00eda est\u00e1n, por ejemplo, equipos de protecci\u00f3n frente a agentes atmosf\u00e9ricos que no sean ni excepcionales ni extremos como gorros.<\/p>\n<p>3.2) Equipos destinados a proteger contra riesgos de grado medio o elevado, pero no de consecuencias mortales o irreversibles.<\/p>\n<p>3.3) Equipos destinados a proteger contra riesgos de consecuencias mortales o irreversibles como, por ejemplo, equipos destinados a proteger contra ca\u00eddas en altura, contra riesgos el\u00e9ctricos para los trabajos realizados bajo tensiones peligrosas, o los que se utilicen como aislantes de alta tensi\u00f3n.<\/p>\n\n","protected":false},"excerpt":{"rendered":"","protected":false},"author":1,"featured_media":0,"parent":0,"menu_order":0,"comment_status":"closed","ping_status":"closed","template":"","meta":{"_joinchat":[],"footnotes":""},"class_list":["post-416","page","type-page","status-publish","hentry"],"_links":{"self":[{"href":"https:\/\/voysegurostore.cl\/inicio\/wp-json\/wp\/v2\/pages\/416","targetHints":{"allow":["GET"]}}],"collection":[{"href":"https:\/\/voysegurostore.cl\/inicio\/wp-json\/wp\/v2\/pages"}],"about":[{"href":"https:\/\/voysegurostore.cl\/inicio\/wp-json\/wp\/v2\/types\/page"}],"author":[{"embeddable":true,"href":"https:\/\/voysegurostore.cl\/inicio\/wp-json\/wp\/v2\/users\/1"}],"replies":[{"embeddable":true,"href":"https:\/\/voysegurostore.cl\/inicio\/wp-json\/wp\/v2\/comments?post=416"}],"version-history":[{"count":7,"href":"https:\/\/voysegurostore.cl\/inicio\/wp-json\/wp\/v2\/pages\/416\/revisions"}],"predecessor-version":[{"id":424,"href":"https:\/\/voysegurostore.cl\/inicio\/wp-json\/wp\/v2\/pages\/416\/revisions\/424"}],"wp:attachment":[{"href":"https:\/\/voysegurostore.cl\/inicio\/wp-json\/wp\/v2\/media?parent=416"}],"curies":[{"name":"wp","href":"https:\/\/api.w.org\/{rel}","templated":true}]}}